{"id":8657,"date":"2025-06-04T10:39:41","date_gmt":"2025-06-04T13:39:41","guid":{"rendered":"https:\/\/www.eba.ufmg.br\/?page_id=8657"},"modified":"2025-10-24T09:59:30","modified_gmt":"2025-10-24T12:59:30","slug":"editais-de-eleicao","status":"publish","type":"page","link":"https:\/\/www.eba.ufmg.br\/index.php\/editais-de-eleicao\/","title":{"rendered":"Editais de Elei\u00e7\u00e3o"},"content":{"rendered":"\n<p><a href=\"https:\/\/www.eba.ufmg.br\/wp-content\/uploads\/2025\/10\/EDITAL_2937_2025.pdf\" data-type=\"link\" data-id=\"https:\/\/www.eba.ufmg.br\/wp-content\/uploads\/2025\/10\/EDITAL_2937_2025.pdf\">Edital para o NDE de Artes Visuais-\u00e1rea Licenciatura.<\/a><\/p>\n\n\n\n<p><a href=\"https:\/\/www.eba.ufmg.br\/wp-content\/uploads\/2025\/09\/FTC_Edital_2485.pdf\">Representantes na C\u00e2mara do Departamento de Fotografia e Cinema <\/a><\/p>\n\n\n\n<p><a href=\"https:\/\/www.eba.ufmg.br\/wp-content\/uploads\/2025\/09\/Subchefe-ARC_Edital_2422.pdf\">Subchefe do Departamento de Artes C\u00eanicas<\/a><\/p>\n\n\n\n<p><a href=\"https:\/\/www.eba.ufmg.br\/wp-content\/uploads\/2025\/09\/nde-moda_Edital_2331.pdf\">Representante NDE do Curso de Design de Moda<\/a><\/p>\n\n\n\n<p><a href=\"https:\/\/www.eba.ufmg.br\/wp-content\/uploads\/2025\/09\/subcoordenador_-moda_Edital_2330.pdf\">Subcoordenador do Colegiado de Gradua\u00e7\u00e3o de Design de Moda<\/a><\/p>\n\n\n\n<p><a href=\"https:\/\/www.eba.ufmg.br\/wp-content\/uploads\/2025\/08\/representantes-FTC_Edital_2188.pdf\">Representantes na C\u00e2mara do Departamento de Fotografia e Cinema<\/a><\/p>\n\n\n\n<p><a href=\"https:\/\/www.eba.ufmg.br\/wp-content\/uploads\/2025\/08\/edital-nede-caad_Edital_2241.pdf\">NDE do curso de Cinema de Anima\u00e7\u00e3o e Artes Digitais<\/a><\/p>\n\n\n\n<p><a href=\"https:\/\/www.eba.ufmg.br\/wp-content\/uploads\/2025\/08\/nde-desenho-e-artes-graficas_Edital_2244.pdf\">NDE do curso de Artes Visuais, \u00e1rea Artes Gr\u00e1ficas e \u00e1rea Desenho<\/a><\/p>\n\n\n\n<p><a href=\"https:\/\/www.eba.ufmg.br\/wp-content\/uploads\/2025\/08\/Representantes-Congregacao_Edital_2127.pdf\">Representantes docentes e TAEs na Congrega\u00e7\u00e3o<\/a><\/p>\n\n\n\n<p><a href=\"https:\/\/www.eba.ufmg.br\/wp-content\/uploads\/2025\/08\/Camara-ARC_Edital_1991.pdf\">Representante na C\u00e2mara do Departamento de Artes C\u00eanicas<\/a><\/p>\n\n\n\n<p><a href=\"https:\/\/www.eba.ufmg.br\/wp-content\/uploads\/2025\/07\/Edital-Coordenador-Design-de-moda_Edital_1895.pdf\">Coordena\u00e7\u00e3o Colegiado de Design de Moda<\/a><\/p>\n\n\n\n<p><a href=\"https:\/\/www.eba.ufmg.br\/wp-content\/uploads\/2025\/08\/napq-prazo_Edital_2034.pdf\">Coordena\u00e7\u00e3o NAPq<\/a><\/p>\n\n\n\n<p><a href=\"https:\/\/www.eba.ufmg.br\/wp-content\/uploads\/2025\/06\/Camara-ARC_Edital_1497.pdf\">Representante na C\u00e2mara do Departamento de Artes C\u00eanicas<\/a><\/p>\n\n\n\n<p><a href=\"https:\/\/www.eba.ufmg.br\/wp-content\/uploads\/2025\/06\/20250609-NAPq-TAEs_Edital_1523.pdf\" data-type=\"attachment\" data-id=\"8673\">Representantes NAPq<\/a><\/p>\n\n\n\n<p><a href=\"https:\/\/www.eba.ufmg.br\/wp-content\/uploads\/2025\/06\/20250609-inscricoes-homologadas-coordenacao-caad_Despacho.pdf\">Coordena\u00e7\u00e3o CAAD<\/a><\/p>\n\n\n\n<p><a href=\"https:\/\/www.eba.ufmg.br\/wp-content\/uploads\/2025\/06\/NAPq-subcoordenador_Edital_1562.pdf\">Subcoordenador NAPq<\/a><\/p>\n\n\n\n<p><a href=\"https:\/\/www.eba.ufmg.br\/wp-content\/uploads\/2025\/06\/Edital_1328_2025-Coordenador-e-Subcoordenador-CENEX.pdf\">Coordena\u00e7\u00e3o CENEX<\/a> &#8211; <a href=\"https:\/\/www.eba.ufmg.br\/wp-content\/uploads\/2025\/06\/Inscricoes-Homologadas-CENEX.pdf\">Inscri\u00e7\u00f5es Homologadas<\/a><\/p>\n","protected":false},"excerpt":{"rendered":"<p>Edital para o NDE de Artes Visuais-\u00e1rea Licenciatura. Representantes na C\u00e2mara do Departamento de Fotografia e Cinema Subchefe do Departamento de Artes C\u00eanicas Representante NDE do Curso de Design de Moda Subcoordenador do Colegiado de Gradua\u00e7\u00e3o de Design de Moda<\/p>\n","protected":false},"author":1,"featured_media":0,"parent":0,"menu_order":0,"comment_status":"closed","ping_status":"closed","template":"","meta":{"_eb_attr":"","footnotes":""},"class_list":["post-8657","page","type-page","status-publish","hentry"],"_links":{"self":[{"href":"https:\/\/www.eba.ufmg.br\/index.php\/wp-json\/wp\/v2\/pages\/8657","targetHints":{"allow":["GET"]}}],"collection":[{"href":"https:\/\/www.eba.ufmg.br\/index.php\/wp-json\/wp\/v2\/pages"}],"about":[{"href":"https:\/\/www.eba.ufmg.br\/index.php\/wp-json\/wp\/v2\/types\/page"}],"author":[{"embeddable":true,"href":"https:\/\/www.eba.ufmg.br\/index.php\/wp-json\/wp\/v2\/users\/1"}],"replies":[{"embeddable":true,"href":"https:\/\/www.eba.ufmg.br\/index.php\/wp-json\/wp\/v2\/comments?post=8657"}],"version-history":[{"count":15,"href":"https:\/\/www.eba.ufmg.br\/index.php\/wp-json\/wp\/v2\/pages\/8657\/revisions"}],"predecessor-version":[{"id":9176,"href":"https:\/\/www.eba.ufmg.br\/index.php\/wp-json\/wp\/v2\/pages\/8657\/revisions\/9176"}],"wp:attachment":[{"href":"https:\/\/www.eba.ufmg.br\/index.php\/wp-json\/wp\/v2\/media?parent=8657"}],"curies":[{"name":"wp","href":"https:\/\/api.w.org\/{rel}","templated":true}]}}