{"id":7780,"date":"2024-12-27T11:38:56","date_gmt":"2024-12-27T14:38:56","guid":{"rendered":"https:\/\/www.eba.ufmg.br\/?page_id=7780"},"modified":"2025-12-19T12:58:01","modified_gmt":"2025-12-19T15:58:01","slug":"home","status":"publish","type":"page","link":"https:\/\/www.eba.ufmg.br\/","title":{"rendered":"Not\u00edcias"},"content":{"rendered":"<div class=\"root-eb-post-grid-ukfpu wp-block-essential-blocks-post-grid\">\n    <div class=\"eb-parent-wrapper eb-parent-eb-post-grid-ukfpu \">\n        <div class=\"eb-post-grid-ukfpu style-4 eb-post-grid-wrapper\"\n            data-id=\"eb-post-grid-ukfpu\"\n            data-querydata=\"{&quot;source&quot;:&quot;post&quot;,&quot;sourceIndex&quot;:0,&quot;rest_base&quot;:&quot;posts&quot;,&quot;rest_namespace&quot;:&quot;wp\\\/v2&quot;,&quot;author&quot;:&quot;&quot;,&quot;taxonomies&quot;:[],&quot;per_page&quot;:&quot;4&quot;,&quot;offset&quot;:&quot;0&quot;,&quot;orderby&quot;:&quot;date&quot;,&quot;order&quot;:&quot;desc&quot;,&quot;include&quot;:&quot;&quot;,&quot;exclude&quot;:&quot;&quot;,&quot;exclude_current&quot;:false,&quot;exclude_password_protected&quot;:true,&quot;ignore_sticky_posts&quot;:true}\"\n            data-attributes=\"{&quot;thumbnailSize&quot;:&quot;&quot;,&quot;loadMoreOptions&quot;:{&quot;enableMorePosts&quot;:false,&quot;loadMoreType&quot;:&quot;3&quot;,&quot;loadMoreButtonTxt&quot;:&quot;Load More&quot;,&quot;alignment&quot;:&quot;center&quot;,&quot;prevTxt&quot;:&quot;&lt;&quot;,&quot;nextTxt&quot;:&quot;&gt;&quot;,&quot;totalPosts&quot;:1118},&quot;showSearch&quot;:false,&quot;showTaxonomyFilter&quot;:false,&quot;enableAjaxSearch&quot;:false,&quot;addIcon&quot;:false,&quot;iconPosition&quot;:&quot;left&quot;,&quot;icon&quot;:&quot;fas fa-chevron-right&quot;,&quot;preset&quot;:&quot;style-4&quot;,&quot;defaultFilter&quot;:&quot;all&quot;,&quot;version&quot;:&quot;v2&quot;,&quot;showBlockContent&quot;:true,&quot;showFallbackImg&quot;:false,&quot;fallbackImgUrl&quot;:&quot;&quot;,&quot;showThumbnail&quot;:true,&quot;showTitle&quot;:true,&quot;titleLength&quot;:&quot;&quot;,&quot;titleTag&quot;:&quot;h2&quot;,&quot;showContent&quot;:true,&quot;contentLength&quot;:60,&quot;expansionIndicator&quot;:&quot;...&quot;,&quot;showReadMore&quot;:true,&quot;readmoreText&quot;:&quot;Ler mais&quot;,&quot;showMeta&quot;:true,&quot;headerMeta&quot;:&quot;[{\\&quot;value\\&quot;:\\&quot;date\\&quot;,\\&quot;label\\&quot;:\\&quot;Published Date\\&quot;}]&quot;,&quot;footerMeta&quot;:&quot;[]&quot;,&quot;authorPrefix&quot;:&quot;by&quot;,&quot;datePrefix&quot;:&quot;&quot;}\">\n\n            \n\n            <div class=\"eb-post-grid-posts-wrapper\"><article class=\"ebpg-grid-post ebpg-post-grid-column\" data-id=\"9783\"><div class=\"ebpg-grid-post-holder\"><div class=\"ebpg-entry-media\">\n                <div class=\"ebpg-entry-thumbnail\">\n                    <a class=\"ebpg-post-link-wrapper eb-sr-only\" href=\"https:\/\/www.eba.ufmg.br\/index.php\/ampliacao-de-salas-e-horarios-de-atendimento-no-projeto-consultas-terapeuticas\/2026\/04\/\">Amplia\u00e7\u00e3o de salas e hor\u00e1rios de atendimento no Projeto Consultas Terap\u00eauticas<\/a>\n                    <img loading=\"lazy\" decoding=\"async\" width=\"255\" height=\"180\" src=\"https:\/\/www.eba.ufmg.br\/wp-content\/uploads\/2025\/12\/EBA-Destaque.png\" class=\"attachment-full size-full\" alt=\"\" \/>\n                <\/div>\n            <\/div><div class=\"ebpg-entry-wrapper\"><header class=\"ebpg-entry-header\">\n            <h2 class=\"ebpg-entry-title\">\n                <a class=\"ebpg-grid-post-link\" href=\"https:\/\/www.eba.ufmg.br\/index.php\/ampliacao-de-salas-e-horarios-de-atendimento-no-projeto-consultas-terapeuticas\/2026\/04\/\" title=\"ampliaodesalasehorriosdeatendimentonoprojetoconsultasteraputicas\">Amplia\u00e7\u00e3o de salas e hor\u00e1rios de atendimento no Projeto Consultas Terap\u00eauticas<\/a>\n            <\/h2>\n        <\/header><div class=\"ebpg-entry-meta ebpg-header-meta\"><div class=\"ebpg-entry-meta-items\"><span class=\"ebpg-posted-on\">\n             <time dateTime=\"2026-04-15T14:47:45-03:00\">15 de abril de 2026<\/time>\n        <\/span><\/div><\/div><div class=\"ebpg-entry-content\"><div class=\"ebpg-grid-post-excerpt\">\n            <p>Texto: Divulga\u00e7\u00e3o\n\n\n\n\n\n\n\nTrata-se de um est\u00e1gio supervisionado, baseado na psican\u00e1lise, em especial, aquela orientada por Winnicot e Laplanche. Plant\u00e3o psicol\u00f3gico voltado para acolher as urg\u00eancias subjetivas e oferecer espa\u00e7o para acolhimento e elabora\u00e7\u00e3o\n\n\n\nGratuito e aberto! Hor\u00e1rios, salas e disponibilidade atrav\u00e9s do link: https:\/\/docs.google.com\/document\/u\/3\/d\/1fngzr7W6fIItDA4uDtqJx2bLjiipvAuj7VcuZz-l8e8\/mobilebasic&#8230;<\/p>\n        <\/div><div class=\"ebpg-readmore-btn\">\n            <a href=\"https:\/\/www.eba.ufmg.br\/index.php\/ampliacao-de-salas-e-horarios-de-atendimento-no-projeto-consultas-terapeuticas\/2026\/04\/\"> Ler mais <\/a>\n        <\/div><\/div><div class=\"ebpg-entry-meta ebpg-footer-meta\"><div class=\"ebpg-entry-meta-items\"><\/div><\/div><\/div><\/div><\/article><article class=\"ebpg-grid-post ebpg-post-grid-column\" data-id=\"9779\"><div class=\"ebpg-grid-post-holder\"><div class=\"ebpg-entry-media\">\n                <div class=\"ebpg-entry-thumbnail\">\n                    <a class=\"ebpg-post-link-wrapper eb-sr-only\" href=\"https:\/\/www.eba.ufmg.br\/index.php\/chamada-prae-02-2026-pedimos-ampla-divulgacao-junto-ao-corpo-discente\/2026\/04\/\">Chamada PRAE 02\/2026 &#8211; Pedimos Ampla Divulga\u00e7\u00e3o junto ao corpo discente<\/a>\n                    <img loading=\"lazy\" decoding=\"async\" width=\"255\" height=\"180\" src=\"https:\/\/www.eba.ufmg.br\/wp-content\/uploads\/2025\/12\/EBA-Destaque.png\" class=\"attachment-full size-full\" alt=\"\" \/>\n                <\/div>\n            <\/div><div class=\"ebpg-entry-wrapper\"><header class=\"ebpg-entry-header\">\n            <h2 class=\"ebpg-entry-title\">\n                <a class=\"ebpg-grid-post-link\" href=\"https:\/\/www.eba.ufmg.br\/index.php\/chamada-prae-02-2026-pedimos-ampla-divulgacao-junto-ao-corpo-discente\/2026\/04\/\" title=\"chamadaprae022026-pedimosampladivulgaojuntoaocorpodiscente\">Chamada PRAE 02\/2026 &#8211; Pedimos Ampla Divulga\u00e7\u00e3o junto ao corpo discente<\/a>\n            <\/h2>\n        <\/header><div class=\"ebpg-entry-meta ebpg-header-meta\"><div class=\"ebpg-entry-meta-items\"><span class=\"ebpg-posted-on\">\n             <time dateTime=\"2026-04-15T13:27:57-03:00\">15 de abril de 2026<\/time>\n        <\/span><\/div><\/div><div class=\"ebpg-entry-content\"><div class=\"ebpg-grid-post-excerpt\">\n            <p>A Pr\u00f3-Reitoria de Assuntos Estudantis (PRAE) da Universidade Federal de Minas Gerais (UFMG) torna p\u00fablica a \u201cChamada PRAE 02\/2026 de Apoio a Projetos de Perman\u00eancia de Estudantes\u201d, que visa reconhecer, valorizar e incentivar projetos de natureza art\u00edstica, cultural, cient\u00edfica e t\u00e9cnica de estudantes da gradua\u00e7\u00e3o\/UFMG, regularmente matriculados\/as\/es e frequentes, organizados\/as\/es individual ou coletivamente em grupos de estudos e pesquisas, observat\u00f3rios,&#8230;<\/p>\n        <\/div><div class=\"ebpg-readmore-btn\">\n            <a href=\"https:\/\/www.eba.ufmg.br\/index.php\/chamada-prae-02-2026-pedimos-ampla-divulgacao-junto-ao-corpo-discente\/2026\/04\/\"> Ler mais <\/a>\n        <\/div><\/div><div class=\"ebpg-entry-meta ebpg-footer-meta\"><div class=\"ebpg-entry-meta-items\"><\/div><\/div><\/div><\/div><\/article><article class=\"ebpg-grid-post ebpg-post-grid-column\" data-id=\"9777\"><div class=\"ebpg-grid-post-holder\"><div class=\"ebpg-entry-media\">\n                <div class=\"ebpg-entry-thumbnail\">\n                    <a class=\"ebpg-post-link-wrapper eb-sr-only\" href=\"https:\/\/www.eba.ufmg.br\/index.php\/centro-cultural-ufmg-recebe-exposicao-de-sarah-coeli\/2026\/04\/\">Centro Cultural UFMG recebe exposi\u00e7\u00e3o de Sarah Coeli<\/a>\n                    <img loading=\"lazy\" decoding=\"async\" width=\"255\" height=\"180\" src=\"https:\/\/www.eba.ufmg.br\/wp-content\/uploads\/2025\/12\/EBA-Destaque.png\" class=\"attachment-full size-full\" alt=\"\" \/>\n                <\/div>\n            <\/div><div class=\"ebpg-entry-wrapper\"><header class=\"ebpg-entry-header\">\n            <h2 class=\"ebpg-entry-title\">\n                <a class=\"ebpg-grid-post-link\" href=\"https:\/\/www.eba.ufmg.br\/index.php\/centro-cultural-ufmg-recebe-exposicao-de-sarah-coeli\/2026\/04\/\" title=\"centroculturalufmgrecebeexposiodesarahcoeli\">Centro Cultural UFMG recebe exposi\u00e7\u00e3o de Sarah Coeli<\/a>\n            <\/h2>\n        <\/header><div class=\"ebpg-entry-meta ebpg-header-meta\"><div class=\"ebpg-entry-meta-items\"><span class=\"ebpg-posted-on\">\n             <time dateTime=\"2026-04-15T13:15:53-03:00\">15 de abril de 2026<\/time>\n        <\/span><\/div><\/div><div class=\"ebpg-entry-content\"><div class=\"ebpg-grid-post-excerpt\">\n            <p>Texto: Assessoria do Centro Cultural UFMG\n\n\n\nA exposi\u00e7\u00e3o meu nome est\u00e1 em todas as bocas, da artista Sarah Coeli, pode ser vista at\u00e9 o dia 10 de maio na sala Celso Renato do Centro Cultural UFMG (Avenida Santos Dumont, 174, Centro &#8211; Belo Horizonte). A entrada \u00e9 gratuita, com classifica\u00e7\u00e3o livre.\n\n\n\nA mostra apresenta um recorte da primeira d\u00e9cada de produ\u00e7\u00e3o da&#8230;<\/p>\n        <\/div><div class=\"ebpg-readmore-btn\">\n            <a href=\"https:\/\/www.eba.ufmg.br\/index.php\/centro-cultural-ufmg-recebe-exposicao-de-sarah-coeli\/2026\/04\/\"> Ler mais <\/a>\n        <\/div><\/div><div class=\"ebpg-entry-meta ebpg-footer-meta\"><div class=\"ebpg-entry-meta-items\"><\/div><\/div><\/div><\/div><\/article><article class=\"ebpg-grid-post ebpg-post-grid-column\" data-id=\"9744\"><div class=\"ebpg-grid-post-holder\"><div class=\"ebpg-entry-media\">\n                <div class=\"ebpg-entry-thumbnail\">\n                    <a class=\"ebpg-post-link-wrapper eb-sr-only\" href=\"https:\/\/www.eba.ufmg.br\/index.php\/edital-para-selecao-de-estudantes-pmg-montagem-e-edicao\/2026\/04\/\">Resultado do edital para Sele\u00e7\u00e3o de Estudantes &#8211; PMG &#8211; Montagem e Edi\u00e7\u00e3o<\/a>\n                    <img loading=\"lazy\" decoding=\"async\" width=\"255\" height=\"180\" src=\"https:\/\/www.eba.ufmg.br\/wp-content\/uploads\/2025\/12\/EBA-Destaque.png\" class=\"attachment-full size-full\" alt=\"\" \/>\n                <\/div>\n            <\/div><div class=\"ebpg-entry-wrapper\"><header class=\"ebpg-entry-header\">\n            <h2 class=\"ebpg-entry-title\">\n                <a class=\"ebpg-grid-post-link\" href=\"https:\/\/www.eba.ufmg.br\/index.php\/edital-para-selecao-de-estudantes-pmg-montagem-e-edicao\/2026\/04\/\" title=\"resultadodoeditalparaseleodeestudantes-pmg-montagemeedio\">Resultado do edital para Sele\u00e7\u00e3o de Estudantes &#8211; PMG &#8211; Montagem e Edi\u00e7\u00e3o<\/a>\n            <\/h2>\n        <\/header><div class=\"ebpg-entry-meta ebpg-header-meta\"><div class=\"ebpg-entry-meta-items\"><span class=\"ebpg-posted-on\">\n             <time dateTime=\"2026-04-14T07:39:56-03:00\">14 de abril de 2026<\/time>\n        <\/span><\/div><\/div><div class=\"ebpg-entry-content\"><div class=\"ebpg-grid-post-excerpt\">\n            <p>O Chefe do \u00d3rg\u00e3o Acad\u00eamico Respons\u00e1vel Departamento de Fotografia e Cinema, Prof. Ant\u00f4nio C\u00e9sar Fialho de Sousa, no uso de suas atribui\u00e7\u00f5es, torna p\u00fablico o presente Edital para sele\u00e7\u00e3o de estudantes de gradua\u00e7\u00e3o da UFMG para atua\u00e7\u00e3o no Programa , na modalidade bolsista e\/ou volunt\u00e1rio(a), conforme normas institucionais e orienta\u00e7\u00f5es do Sistema de Fomento\/PROGRAD, incluindo o gerenciamento de vagas por&#8230;<\/p>\n        <\/div><div class=\"ebpg-readmore-btn\">\n            <a href=\"https:\/\/www.eba.ufmg.br\/index.php\/edital-para-selecao-de-estudantes-pmg-montagem-e-edicao\/2026\/04\/\"> Ler mais <\/a>\n        <\/div><\/div><div class=\"ebpg-entry-meta ebpg-footer-meta\"><div class=\"ebpg-entry-meta-items\"><\/div><\/div><\/div><\/div><\/article><\/div>        <\/div>\n    <\/div>\n<\/div>\n\n\n\n<div class=\"wp-block-buttons is-layout-flex wp-block-buttons-is-layout-flex\">\n<div class=\"wp-block-button has-custom-width wp-block-button__width-100 is-style-fill\"><a class=\"wp-block-button__link has-background wp-element-button\" href=\"https:\/\/www.eba.ufmg.br\/index.php\/noticias\/\" style=\"border-radius:8px;background-color:#dd382d\">Ver mais not\u00edcias<\/a><\/div>\n<\/div>\n\n\n\n<p><\/p>\n\n\n\n<div class=\"wp-block-essential-blocks-advanced-heading  root-eb-advance-heading-mr5nu\"><div class=\"eb-parent-wrapper eb-parent-eb-advance-heading-mr5nu \"><div class=\"eb-advance-heading-wrapper eb-advance-heading-mr5nu button-1 undefined\" data-id=\"eb-advance-heading-mr5nu\"><h2 class=\"eb-ah-title\"><span class=\"first-title\"><\/span><\/h2><\/div><\/div><\/div>\n\n\n\n<div class=\"wp-block-essential-blocks-advanced-heading  root-eb-advance-heading-ufpj4\"><div class=\"eb-parent-wrapper eb-parent-eb-advance-heading-ufpj4 \"><div class=\"eb-advance-heading-wrapper eb-advance-heading-ufpj4 button-1 undefined\" data-id=\"eb-advance-heading-ufpj4\"><h2 class=\"eb-ah-title\"><span class=\"first-title\"><\/span><\/h2><\/div><\/div><\/div>\n\n\n\n<div class=\"wp-block-essential-blocks-advanced-heading  root-eb-advance-heading-rqxws\"><div class=\"eb-parent-wrapper eb-parent-eb-advance-heading-rqxws \"><div class=\"eb-advance-heading-wrapper eb-advance-heading-rqxws button-1 undefined\" data-id=\"eb-advance-heading-rqxws\"><h2 class=\"eb-ah-title\"><span class=\"first-title\"><\/span><\/h2><\/div><\/div><\/div>\n\n\n\n<p><\/p>\n","protected":false},"excerpt":{"rendered":"","protected":false},"author":9,"featured_media":9356,"parent":0,"menu_order":0,"comment_status":"closed","ping_status":"closed","template":"","meta":{"_eb_attr":"","footnotes":""},"class_list":["post-7780","page","type-page","status-publish","has-post-thumbnail","hentry"],"_links":{"self":[{"href":"https:\/\/www.eba.ufmg.br\/index.php\/wp-json\/wp\/v2\/pages\/7780","targetHints":{"allow":["GET"]}}],"collection":[{"href":"https:\/\/www.eba.ufmg.br\/index.php\/wp-json\/wp\/v2\/pages"}],"about":[{"href":"https:\/\/www.eba.ufmg.br\/index.php\/wp-json\/wp\/v2\/types\/page"}],"author":[{"embeddable":true,"href":"https:\/\/www.eba.ufmg.br\/index.php\/wp-json\/wp\/v2\/users\/9"}],"replies":[{"embeddable":true,"href":"https:\/\/www.eba.ufmg.br\/index.php\/wp-json\/wp\/v2\/comments?post=7780"}],"version-history":[{"count":58,"href":"https:\/\/www.eba.ufmg.br\/index.php\/wp-json\/wp\/v2\/pages\/7780\/revisions"}],"predecessor-version":[{"id":9358,"href":"https:\/\/www.eba.ufmg.br\/index.php\/wp-json\/wp\/v2\/pages\/7780\/revisions\/9358"}],"wp:featuredmedia":[{"embeddable":true,"href":"https:\/\/www.eba.ufmg.br\/index.php\/wp-json\/wp\/v2\/media\/9356"}],"wp:attachment":[{"href":"https:\/\/www.eba.ufmg.br\/index.php\/wp-json\/wp\/v2\/media?parent=7780"}],"curies":[{"name":"wp","href":"https:\/\/api.w.org\/{rel}","templated":true}]}}