{"id":7331,"date":"2024-09-27T12:28:14","date_gmt":"2024-09-27T15:28:14","guid":{"rendered":"https:\/\/www.eba.ufmg.br\/?page_id=7331"},"modified":"2025-01-07T12:39:26","modified_gmt":"2025-01-07T15:39:26","slug":"reserva-de-sala","status":"publish","type":"page","link":"https:\/\/www.eba.ufmg.br\/index.php\/reserva-de-sala\/","title":{"rendered":"Reserva de Sala"},"content":{"rendered":"<p>Utilize os formul\u00e1rios abaixo de acordo com o per\u00edodo letivo:<\/p>\n<p><a href=\"https:\/\/www.eba.ufmg.br\/wp-content\/uploads\/2024\/11\/Formulario_Geral_Solicitacao_112024.doc\">Formul\u00e1rio Geral de Solicita\u00e7\u00e3o de Uso de Salas<\/a><\/p>\n<p><a href=\"https:\/\/www.eba.ufmg.br\/wp-content\/uploads\/2024\/09\/Formulario_Uso_Discente_Espacos_EBA_Periodo_Nao_Letivo.doc\">Formul\u00e1rio para Uso Discente dos Espa\u00e7os em Per\u00edodo N\u00e3o Letivo<\/a><\/p>\n<p><a href=\"http:\/\/eba.ufmg.br\/estudio\" target=\"_blank\" rel=\"noopener\">Formul\u00e1rio de Solicita\u00e7\u00e3o do Est\u00fadio de Fotografia<\/a><\/p>\n<p>\u00a0<\/p>\n\n\n<p><\/p>\n","protected":false},"excerpt":{"rendered":"<p>Utilize os formul\u00e1rios abaixo de acordo com o per\u00edodo letivo: Formul\u00e1rio Geral de Solicita\u00e7\u00e3o de Uso de Salas Formul\u00e1rio para Uso Discente dos Espa\u00e7os em Per\u00edodo N\u00e3o Letivo Formul\u00e1rio de Solicita\u00e7\u00e3o do Est\u00fadio de Fotografia \u00a0<\/p>\n","protected":false},"author":1,"featured_media":0,"parent":0,"menu_order":0,"comment_status":"closed","ping_status":"closed","template":"","meta":{"_eb_attr":"","footnotes":""},"class_list":["post-7331","page","type-page","status-publish","hentry"],"_links":{"self":[{"href":"https:\/\/www.eba.ufmg.br\/index.php\/wp-json\/wp\/v2\/pages\/7331","targetHints":{"allow":["GET"]}}],"collection":[{"href":"https:\/\/www.eba.ufmg.br\/index.php\/wp-json\/wp\/v2\/pages"}],"about":[{"href":"https:\/\/www.eba.ufmg.br\/index.php\/wp-json\/wp\/v2\/types\/page"}],"author":[{"embeddable":true,"href":"https:\/\/www.eba.ufmg.br\/index.php\/wp-json\/wp\/v2\/users\/1"}],"replies":[{"embeddable":true,"href":"https:\/\/www.eba.ufmg.br\/index.php\/wp-json\/wp\/v2\/comments?post=7331"}],"version-history":[{"count":3,"href":"https:\/\/www.eba.ufmg.br\/index.php\/wp-json\/wp\/v2\/pages\/7331\/revisions"}],"predecessor-version":[{"id":8004,"href":"https:\/\/www.eba.ufmg.br\/index.php\/wp-json\/wp\/v2\/pages\/7331\/revisions\/8004"}],"wp:attachment":[{"href":"https:\/\/www.eba.ufmg.br\/index.php\/wp-json\/wp\/v2\/media?parent=7331"}],"curies":[{"name":"wp","href":"https:\/\/api.w.org\/{rel}","templated":true}]}}