{"id":5714,"date":"2023-04-24T08:16:05","date_gmt":"2023-04-24T11:16:05","guid":{"rendered":"https:\/\/www.eba.ufmg.br\/?page_id=5714"},"modified":"2023-04-24T08:16:05","modified_gmt":"2023-04-24T11:16:05","slug":"caligrafias-e-escrituras","status":"publish","type":"page","link":"https:\/\/www.eba.ufmg.br\/index.php\/caligrafias-e-escrituras\/","title":{"rendered":"Caligrafias e Escrituras"},"content":{"rendered":"<p align=\"left\"><span style=\"font-family: Times New Roman, serif;\"><span style=\"font-size: medium;\"><b>Objetivos e atividades realizadas:<\/b><\/span><\/span><\/p>\n<p align=\"justify\"><span style=\"font-family: Times New Roman, serif;\"><span style=\"font-size: medium;\">O Grupo de Pesquisa <\/span><\/span><span style=\"font-family: Times New Roman, serif;\"><span style=\"font-size: medium;\"><b>CALIGRAFIAS e ESCRITURAS<\/b><\/span><\/span><span style=\"font-family: Times New Roman, serif;\"><span style=\"font-size: medium;\">, criado em 2002, desenvolve estudos inter e transdisciplinares, abordando principalmente a intermidialidade, com foco nas rela\u00e7\u00f5es entre palavras e imagens, na arte moderna e contempor\u00e2nea. O campo de trabalho do grupo abrange tamb\u00e9m: Estudos em arte moderna e contempor\u00e2nea; A gravura no campo ampliado; Arquivo, cole\u00e7\u00e3o, fotografia, mem\u00f3ria, apropria\u00e7\u00e3o e colagem, estabelecendo di\u00e1logos entre produtos culturais do passado e da contemporaneidade; Do c\u00f3dex ao livro virtual; Po\u00e9ticas Visuais. Interessa-nos o cruzamento entre discursos te\u00f3ricos e art\u00edsticos, abrangendo as pesquisas em arte e sobre arte.<\/span><\/span><\/p>\n<p align=\"justify\"><span style=\"font-family: Times New Roman, serif;\"><span style=\"font-size: medium;\">O Grupo de Pesquisa tem participado da organiza\u00e7\u00e3o de eventos tais como: Semin\u00e1rio Internacional Perspectivas do Livro de Artista (2009), Semin\u00e1rio Internacional O Livro de Artista na Universidade (2013), Col\u00f3quio Internacional Escrita, Som, Imagem (2019), Semin\u00e1rio Intermidialidade: Novas Travessias (2021). Realizou a curadoria das exposi\u00e7\u00f5es: Cross Pollenization, emerging artists in contemporary Brazilian printmaking (EUA e Austr\u00e1lia) 2011, Circuito Pol\u00edmatas (Brasil) 2019, al\u00e9m de publica\u00e7\u00f5es com os resultados das pesquisas realizadas.<\/span><\/span><\/p>\n<p align=\"left\"><span style=\"font-family: Times New Roman, serif;\"><span style=\"font-size: medium;\"><b>Coordenadora:<\/b><\/span><\/span><span style=\"font-family: Times New Roman, serif;\"><span style=\"font-size: medium;\"> Maria do Carmo de Freitas Veneroso<\/span><\/span><\/p>\n","protected":false},"excerpt":{"rendered":"<p>Objetivos e atividades realizadas: O Grupo de Pesquisa CALIGRAFIAS e ESCRITURAS, criado em 2002, desenvolve estudos inter e transdisciplinares, abordando principalmente a intermidialidade, com foco nas rela\u00e7\u00f5es entre palavras e imagens, na arte moderna e contempor\u00e2nea. O campo de trabalho<\/p>\n","protected":false},"author":5,"featured_media":0,"parent":0,"menu_order":0,"comment_status":"closed","ping_status":"closed","template":"","meta":{"_eb_attr":"","footnotes":""},"class_list":["post-5714","page","type-page","status-publish","hentry"],"_links":{"self":[{"href":"https:\/\/www.eba.ufmg.br\/index.php\/wp-json\/wp\/v2\/pages\/5714","targetHints":{"allow":["GET"]}}],"collection":[{"href":"https:\/\/www.eba.ufmg.br\/index.php\/wp-json\/wp\/v2\/pages"}],"about":[{"href":"https:\/\/www.eba.ufmg.br\/index.php\/wp-json\/wp\/v2\/types\/page"}],"author":[{"embeddable":true,"href":"https:\/\/www.eba.ufmg.br\/index.php\/wp-json\/wp\/v2\/users\/5"}],"replies":[{"embeddable":true,"href":"https:\/\/www.eba.ufmg.br\/index.php\/wp-json\/wp\/v2\/comments?post=5714"}],"version-history":[{"count":1,"href":"https:\/\/www.eba.ufmg.br\/index.php\/wp-json\/wp\/v2\/pages\/5714\/revisions"}],"predecessor-version":[{"id":5715,"href":"https:\/\/www.eba.ufmg.br\/index.php\/wp-json\/wp\/v2\/pages\/5714\/revisions\/5715"}],"wp:attachment":[{"href":"https:\/\/www.eba.ufmg.br\/index.php\/wp-json\/wp\/v2\/media?parent=5714"}],"curies":[{"name":"wp","href":"https:\/\/api.w.org\/{rel}","templated":true}]}}