{"id":5712,"date":"2023-04-24T08:14:59","date_gmt":"2023-04-24T11:14:59","guid":{"rendered":"https:\/\/www.eba.ufmg.br\/?page_id=5712"},"modified":"2023-04-24T08:14:59","modified_gmt":"2023-04-24T11:14:59","slug":"casa-aberta-mesa-posta-arte-infancias-e-narrativas-de-si","status":"publish","type":"page","link":"https:\/\/www.eba.ufmg.br\/index.php\/casa-aberta-mesa-posta-arte-infancias-e-narrativas-de-si\/","title":{"rendered":"Casa Aberta Mesa Posta: Arte, Inf\u00e2ncias e Narrativas de Si"},"content":{"rendered":"<p align=\"justify\"><span style=\"font-family: Times New Roman, serif;\"><span style=\"font-size: medium;\">Descri\u00e7\u00e3o: O grupo de pesquisa prop\u00f5e um di\u00e1logo a partir do ateli\u00ea como um territ\u00f3rio de inven\u00e7\u00e3o, investiga\u00e7\u00e3o e cria\u00e7\u00e3o. Partimos de experi\u00eancias de si com a Arte e com a Educa\u00e7\u00e3o, entrela\u00e7ando processos est\u00e9ticos e art\u00edsticos a partir dos pressupostos te\u00f3ricos e metodol\u00f3gicos atravessando conceitos da pesquisa Autobiogr\u00e1fica.<\/span><\/span><\/p>\n<p align=\"justify\"><span style=\"font-family: Times New Roman, serif;\"><span style=\"font-size: medium;\">Coordenadora: Rosvita Kolb Bernardes e Ana Cristina Carvalho Pereira<\/span><\/span><\/p>\n<p align=\"justify\"><a href=\"http:\/\/www.casaabertamesaposta.wixsite.com\/rosvitakolb\"><span style=\"font-family: Times New Roman, serif;\"><span style=\"font-size: medium;\">www.casaabertamesaposta.wixsite.com\/rosvitakolb<\/span><\/span><\/a><\/p>\n","protected":false},"excerpt":{"rendered":"<p>Descri\u00e7\u00e3o: O grupo de pesquisa prop\u00f5e um di\u00e1logo a partir do ateli\u00ea como um territ\u00f3rio de inven\u00e7\u00e3o, investiga\u00e7\u00e3o e cria\u00e7\u00e3o. Partimos de experi\u00eancias de si com a Arte e com a Educa\u00e7\u00e3o, entrela\u00e7ando processos est\u00e9ticos e art\u00edsticos a partir dos<\/p>\n","protected":false},"author":5,"featured_media":0,"parent":0,"menu_order":0,"comment_status":"closed","ping_status":"closed","template":"","meta":{"_eb_attr":"","footnotes":""},"class_list":["post-5712","page","type-page","status-publish","hentry"],"_links":{"self":[{"href":"https:\/\/www.eba.ufmg.br\/index.php\/wp-json\/wp\/v2\/pages\/5712","targetHints":{"allow":["GET"]}}],"collection":[{"href":"https:\/\/www.eba.ufmg.br\/index.php\/wp-json\/wp\/v2\/pages"}],"about":[{"href":"https:\/\/www.eba.ufmg.br\/index.php\/wp-json\/wp\/v2\/types\/page"}],"author":[{"embeddable":true,"href":"https:\/\/www.eba.ufmg.br\/index.php\/wp-json\/wp\/v2\/users\/5"}],"replies":[{"embeddable":true,"href":"https:\/\/www.eba.ufmg.br\/index.php\/wp-json\/wp\/v2\/comments?post=5712"}],"version-history":[{"count":1,"href":"https:\/\/www.eba.ufmg.br\/index.php\/wp-json\/wp\/v2\/pages\/5712\/revisions"}],"predecessor-version":[{"id":5713,"href":"https:\/\/www.eba.ufmg.br\/index.php\/wp-json\/wp\/v2\/pages\/5712\/revisions\/5713"}],"wp:attachment":[{"href":"https:\/\/www.eba.ufmg.br\/index.php\/wp-json\/wp\/v2\/media?parent=5712"}],"curies":[{"name":"wp","href":"https:\/\/api.w.org\/{rel}","templated":true}]}}