{"id":5710,"date":"2023-04-24T08:13:41","date_gmt":"2023-04-24T11:13:41","guid":{"rendered":"https:\/\/www.eba.ufmg.br\/?page_id=5710"},"modified":"2023-04-24T08:13:41","modified_gmt":"2023-04-24T11:13:41","slug":"nucleo-imagens-de-minas","status":"publish","type":"page","link":"https:\/\/www.eba.ufmg.br\/index.php\/nucleo-imagens-de-minas\/","title":{"rendered":"N\u00facleo Imagens de Minas"},"content":{"rendered":"<p align=\"justify\"><span style=\"font-family: Times New Roman, serif;\"><span style=\"font-size: medium;\">O grupo de pesquisa N\u00daCLEO IMAGENS DE MINAS destina-se ao desenvolvimento de atividades \u00e0 ligadas \u00e0 preserva\u00e7\u00e3o e releitura de acervos audiovisuais, fotogr\u00e1ficos e tridimensionais ligados \u00e0 hist\u00f3ria da produ\u00e7\u00e3o cinematogr\u00e1fica e fotogr\u00e1fica.<\/span><\/span><\/p>\n<p align=\"justify\"><span style=\"font-family: Times New Roman, serif;\"><span style=\"font-size: medium;\">O objetivo \u00e9 interdisciplinar com abordagem na \u00e1rea de preserva\u00e7\u00e3o, pesquisa de novas t\u00e9cnicas, procedimentos e materiais com \u00eanfase nas atividades voltadas para o olhar para a concep\u00e7\u00e3o e trajet\u00f3ria dos artefatos e significativos caminhos da tecnologia cinematogr\u00e1fica e fotogr\u00e1fica no \u00e2mbito brasileiro.<\/span><\/span><\/p>\n<p align=\"justify\"><span style=\"font-family: Times New Roman, serif;\"><span style=\"font-size: medium;\">Coordenadora: Jussara Vit\u00f3ria de Freitas do Espirito Santo<\/span><\/span><\/p>\n","protected":false},"excerpt":{"rendered":"<p>O grupo de pesquisa N\u00daCLEO IMAGENS DE MINAS destina-se ao desenvolvimento de atividades \u00e0 ligadas \u00e0 preserva\u00e7\u00e3o e releitura de acervos audiovisuais, fotogr\u00e1ficos e tridimensionais ligados \u00e0 hist\u00f3ria da produ\u00e7\u00e3o cinematogr\u00e1fica e fotogr\u00e1fica. O objetivo \u00e9 interdisciplinar com abordagem na<\/p>\n","protected":false},"author":5,"featured_media":0,"parent":0,"menu_order":0,"comment_status":"closed","ping_status":"closed","template":"","meta":{"_eb_attr":"","footnotes":""},"class_list":["post-5710","page","type-page","status-publish","hentry"],"_links":{"self":[{"href":"https:\/\/www.eba.ufmg.br\/index.php\/wp-json\/wp\/v2\/pages\/5710","targetHints":{"allow":["GET"]}}],"collection":[{"href":"https:\/\/www.eba.ufmg.br\/index.php\/wp-json\/wp\/v2\/pages"}],"about":[{"href":"https:\/\/www.eba.ufmg.br\/index.php\/wp-json\/wp\/v2\/types\/page"}],"author":[{"embeddable":true,"href":"https:\/\/www.eba.ufmg.br\/index.php\/wp-json\/wp\/v2\/users\/5"}],"replies":[{"embeddable":true,"href":"https:\/\/www.eba.ufmg.br\/index.php\/wp-json\/wp\/v2\/comments?post=5710"}],"version-history":[{"count":1,"href":"https:\/\/www.eba.ufmg.br\/index.php\/wp-json\/wp\/v2\/pages\/5710\/revisions"}],"predecessor-version":[{"id":5711,"href":"https:\/\/www.eba.ufmg.br\/index.php\/wp-json\/wp\/v2\/pages\/5710\/revisions\/5711"}],"wp:attachment":[{"href":"https:\/\/www.eba.ufmg.br\/index.php\/wp-json\/wp\/v2\/media?parent=5710"}],"curies":[{"name":"wp","href":"https:\/\/api.w.org\/{rel}","templated":true}]}}