{"id":5706,"date":"2023-04-24T08:10:51","date_gmt":"2023-04-24T11:10:51","guid":{"rendered":"https:\/\/www.eba.ufmg.br\/?page_id=5706"},"modified":"2023-04-24T08:10:51","modified_gmt":"2023-04-24T11:10:51","slug":"analise-critica-de-filmes","status":"publish","type":"page","link":"https:\/\/www.eba.ufmg.br\/index.php\/analise-critica-de-filmes\/","title":{"rendered":"AN\u00c1LISE CR\u00cdTICA DE FILMES"},"content":{"rendered":"<p align=\"justify\"><span style=\"font-family: Times New Roman, serif;\"><span style=\"font-size: medium;\">Linha de pesquisa: An\u00e1lise cr\u00edtica de filmes e obras audiovisuais.<\/span><\/span><\/p>\n<p align=\"justify\"><span style=\"font-family: Times New Roman, serif;\"><span style=\"font-size: medium;\">Objetivos: Estabelecer crit\u00e9rios de an\u00e1lise f\u00edlmica, a partir do conhecimento da hist\u00f3ria, linguagem e narrativa cinematogr\u00e1ficas, com an\u00e1lise cr\u00edtica constante e sistem\u00e1tica de filmes consagrados pela Hist\u00f3ria do Cinema, bem como de lan\u00e7amentos recentes, procurando estimular a reflex\u00e3o cr\u00edtica e o pensamento te\u00f3rico no que se refere ao Cinema. Participa\u00e7\u00e3o em Congressos (nacionais e internacionais), Mostras de Filmes, Cine-comentados, Podcasts, Entrevistas para imprensa, apresentando trabalhos, ministrando palestras etc. Vinculado ao Projeto de Extens\u00e3o CINEMA EM FOCO (tamb\u00e9m pertencente ao Grupo de Pesquisa \u2013 CNPq &#8211; LABORAT\u00d3RIO MIDIA@RTE DA EBA\/UFMG e liderado pela Profa. Ana L\u00facia Andrade), em parceria com o site <\/span><\/span><span style=\"font-family: Times New Roman, serif;\"><span style=\"font-size: medium;\"><i>Cinemat\u00f3rio<\/i><\/span><\/span><span style=\"font-family: Times New Roman, serif;\"><span style=\"font-size: medium;\"> \u2013 <\/span><\/span><span style=\"font-family: Times New Roman, serif;\"><span style=\"font-size: medium;\"><i>Observando a S\u00e9tima Arte<\/i><\/span><\/span><span style=\"font-family: Times New Roman, serif;\"><span style=\"font-size: medium;\"> (<\/span><\/span><a href=\"http:\/\/www.cinematorio.com.br\/\"><span style=\"color: #1155cc;\"><span style=\"font-family: Times New Roman, serif;\"><span style=\"font-size: medium;\"><u>www.cinematorio.com.br<\/u><\/span><\/span><\/span><\/a><span style=\"font-family: Times New Roman, serif;\"><span style=\"font-size: medium;\">), relevante fornecedor de conte\u00fado na \u00e1rea. Produz <\/span><\/span><span style=\"font-family: Times New Roman, serif;\"><span style=\"font-size: medium;\"><i>podcasts<\/i><\/span><\/span><span style=\"font-family: Times New Roman, serif;\"><span style=\"font-size: medium;\">, de veicula\u00e7\u00e3o semanal, com dura\u00e7\u00e3o m\u00e9dia vari\u00e1vel de 80 a 120 minutos, em que s\u00e3o debatidos diversos temas ligados a Cinema, com equipe de professores, alunos e ex-alunos (em parceria . Produ\u00e7\u00f5es T\u00e9cnicas realizadas recentemente: Podcasts \u2013 Total de 67 podcasts gravados, sendo: 17, em 2019; 18, em 2020; 18, em 2021; e 14, em 2022 (at\u00e9 outubro de 2022) \u2013 dispon\u00edveis no site: &lt;<\/span><\/span><a href=\"http:\/\/cinematorio.com.br\/\"><span style=\"color: #1155cc;\"><span style=\"font-family: Times New Roman, serif;\"><span style=\"font-size: medium;\"><u>cinematorio.com.br<\/u><\/span><\/span><\/span><\/a><span style=\"font-family: Times New Roman, serif;\"><span style=\"font-size: medium;\">&gt;<\/span><\/span><\/p>\n<p align=\"justify\"><span style=\"font-family: Times New Roman, serif;\"><span style=\"font-size: medium;\">Coordenadora: Ana L\u00facia Andrade (FTC \/ EBA \/ UFMG).<\/span><\/span><\/p>\n","protected":false},"excerpt":{"rendered":"<p>Linha de pesquisa: An\u00e1lise cr\u00edtica de filmes e obras audiovisuais. Objetivos: Estabelecer crit\u00e9rios de an\u00e1lise f\u00edlmica, a partir do conhecimento da hist\u00f3ria, linguagem e narrativa cinematogr\u00e1ficas, com an\u00e1lise cr\u00edtica constante e sistem\u00e1tica de filmes consagrados pela Hist\u00f3ria do Cinema, bem<\/p>\n","protected":false},"author":5,"featured_media":0,"parent":0,"menu_order":0,"comment_status":"closed","ping_status":"closed","template":"","meta":{"_eb_attr":"","footnotes":""},"class_list":["post-5706","page","type-page","status-publish","hentry"],"_links":{"self":[{"href":"https:\/\/www.eba.ufmg.br\/index.php\/wp-json\/wp\/v2\/pages\/5706","targetHints":{"allow":["GET"]}}],"collection":[{"href":"https:\/\/www.eba.ufmg.br\/index.php\/wp-json\/wp\/v2\/pages"}],"about":[{"href":"https:\/\/www.eba.ufmg.br\/index.php\/wp-json\/wp\/v2\/types\/page"}],"author":[{"embeddable":true,"href":"https:\/\/www.eba.ufmg.br\/index.php\/wp-json\/wp\/v2\/users\/5"}],"replies":[{"embeddable":true,"href":"https:\/\/www.eba.ufmg.br\/index.php\/wp-json\/wp\/v2\/comments?post=5706"}],"version-history":[{"count":1,"href":"https:\/\/www.eba.ufmg.br\/index.php\/wp-json\/wp\/v2\/pages\/5706\/revisions"}],"predecessor-version":[{"id":5707,"href":"https:\/\/www.eba.ufmg.br\/index.php\/wp-json\/wp\/v2\/pages\/5706\/revisions\/5707"}],"wp:attachment":[{"href":"https:\/\/www.eba.ufmg.br\/index.php\/wp-json\/wp\/v2\/media?parent=5706"}],"curies":[{"name":"wp","href":"https:\/\/api.w.org\/{rel}","templated":true}]}}