{"id":5570,"date":"2023-03-31T08:27:35","date_gmt":"2023-03-31T11:27:35","guid":{"rendered":"https:\/\/www.eba.ufmg.br\/?page_id=5570"},"modified":"2023-03-31T08:27:35","modified_gmt":"2023-03-31T11:27:35","slug":"elementos-materiais-da-cultura-e-patrimonio","status":"publish","type":"page","link":"https:\/\/www.eba.ufmg.br\/index.php\/elementos-materiais-da-cultura-e-patrimonio\/","title":{"rendered":"Elementos Materiais da Cultura e Patrim\u00f4nio"},"content":{"rendered":"<p><span style=\"font-family: Times New Roman; font-size: medium;\">A pesquisa discute a variabilidade do conceito de valor no contexto da preserva\u00e7\u00e3o dos bens culturais, a diversidade da terminologia e a escassez de discuss\u00f5es espec\u00edficas na \u00e1rea da conserva\u00e7\u00e3o de papel. Prop\u00f5e a contribui\u00e7\u00e3o conceitual baseada na rela\u00e7\u00e3o entre valores, evid\u00eancias hist\u00f3ricas e camadas de dados em objetos culturais, bem como no impacto dos procedimentos de conserva\u00e7\u00e3o nestas camadas e apoia a abordagem social e material para a tomada de decis\u00e3o em preserva\u00e7\u00e3o e conserva\u00e7\u00e3o por meio da investiga\u00e7\u00e3o interdisciplinar de documentos gr\u00e1ficos, compreendendo-os como artefatos complexos. <\/span><br \/>\n<span style=\"font-family: Times New Roman; font-size: medium;\">Uma vertente deste projeto mais amplo intitulada &#8220;Valora\u00e7\u00e3o econ\u00f4mica e desenvolvimento tecnol\u00f3gico em Arquivos P\u00fablicos&#8221; \u00e9 financiada pela Fapemig (2022-2025).<br \/>\n<\/span><br \/>\n<span style=\"font-family: Times New Roman; font-size: medium;\">A pesquisa de P\u00f3s-Doutorado (Universidade Federal Fluminens) intitulada &#8220;O valor dos arquivos hist\u00f3ricos e seus acervos para a sociedade e a administra\u00e7\u00e3o p\u00fablica: um estudo comparativo entre institui\u00e7\u00f5es do Brasil, Gr\u00e9cia e Portugal&#8221; \u00e9 um bra\u00e7o dessa pesquisa e compreende um est\u00e1gio na Universidade West Attica, Gr\u00e9cia, financiado pela Capes (2023-2024.)<\/span><br \/>\n<span style=\"font-family: Times New Roman; font-size: medium;\">Coordenadores: Jos\u00e8 Newton Coelho e <\/span><span style=\"font-family: Times New Roman; font-size: medium;\">Meneses e M\u00e1rcia Almada<br \/>\n<\/span><br \/>\n<span style=\"font-family: Times New Roman; font-size: medium;\">Links:<\/span><br \/>\n<a href=\"http:\/\/www.iluminuras.art.br\/\" target=\"_blank\" rel=\"noopener\"><span style=\"font-family: Times New Roman; font-size: medium;\">http:\/\/www.iluminuras.art.br\/<\/span><\/a><br \/>\n<a href=\"https:\/\/www.researchgate.net\/profile\/Marcia_Almada\" target=\"_blank\" rel=\"noopener\"><span style=\"font-family: Times New Roman; font-size: medium;\">https:\/\/www.researchgate.net\/profile\/Marcia_Almada<\/span><\/a><br \/>\n<a href=\"https:\/\/www.youtube.com\/channel\/UCPB7Lz4ZEKzy9000yFCUD0w\" target=\"_blank\" rel=\"noopener\"><span style=\"font-family: Times New Roman; font-size: medium;\">https:\/\/www.youtube.com\/channel\/UCPB7Lz4ZEKzy9000yFCUD0w<\/span><\/a><\/p>\n","protected":false},"excerpt":{"rendered":"<p>A pesquisa discute a variabilidade do conceito de valor no contexto da preserva\u00e7\u00e3o dos bens culturais, a diversidade da terminologia e a escassez de discuss\u00f5es espec\u00edficas na \u00e1rea da conserva\u00e7\u00e3o de papel. Prop\u00f5e a contribui\u00e7\u00e3o conceitual baseada na rela\u00e7\u00e3o entre<\/p>\n","protected":false},"author":5,"featured_media":0,"parent":0,"menu_order":0,"comment_status":"closed","ping_status":"closed","template":"","meta":{"_eb_attr":"","footnotes":""},"class_list":["post-5570","page","type-page","status-publish","hentry"],"_links":{"self":[{"href":"https:\/\/www.eba.ufmg.br\/index.php\/wp-json\/wp\/v2\/pages\/5570","targetHints":{"allow":["GET"]}}],"collection":[{"href":"https:\/\/www.eba.ufmg.br\/index.php\/wp-json\/wp\/v2\/pages"}],"about":[{"href":"https:\/\/www.eba.ufmg.br\/index.php\/wp-json\/wp\/v2\/types\/page"}],"author":[{"embeddable":true,"href":"https:\/\/www.eba.ufmg.br\/index.php\/wp-json\/wp\/v2\/users\/5"}],"replies":[{"embeddable":true,"href":"https:\/\/www.eba.ufmg.br\/index.php\/wp-json\/wp\/v2\/comments?post=5570"}],"version-history":[{"count":1,"href":"https:\/\/www.eba.ufmg.br\/index.php\/wp-json\/wp\/v2\/pages\/5570\/revisions"}],"predecessor-version":[{"id":5571,"href":"https:\/\/www.eba.ufmg.br\/index.php\/wp-json\/wp\/v2\/pages\/5570\/revisions\/5571"}],"wp:attachment":[{"href":"https:\/\/www.eba.ufmg.br\/index.php\/wp-json\/wp\/v2\/media?parent=5570"}],"curies":[{"name":"wp","href":"https:\/\/api.w.org\/{rel}","templated":true}]}}