{"id":5299,"date":"2023-01-24T10:18:06","date_gmt":"2023-01-24T13:18:06","guid":{"rendered":"https:\/\/www.eba.ufmg.br\/?page_id=5299"},"modified":"2026-03-04T13:47:23","modified_gmt":"2026-03-04T16:47:23","slug":"horarios-do-segundo-semestre-de-2024-ensino-presencial","status":"publish","type":"page","link":"https:\/\/www.eba.ufmg.br\/index.php\/horarios-do-segundo-semestre-de-2024-ensino-presencial\/","title":{"rendered":"Hor\u00e1rios do Primeiro Semestre de 2026"},"content":{"rendered":"\n<p><a href=\"https:\/\/www.eba.ufmg.br\/wp-content\/uploads\/2026\/03\/20260304-Quadro-de-Horarios-2026-1-Teatro.pdf\">Teatro<\/a><\/p>\n\n\n\n<p><a href=\"https:\/\/www.eba.ufmg.br\/wp-content\/uploads\/2026\/01\/Horario-1-2026-Curso-de-Danca-23-01-2026-1.pdf\">Dan\u00e7a<\/a><\/p>\n\n\n\n<p><a href=\"https:\/\/www.eba.ufmg.br\/wp-content\/uploads\/2025\/12\/DESIGN-DEMODA-QUADRO-DE-HORARIOS-2026_12.12.pdf\">Design de Moda<\/a><\/p>\n\n\n\n<p><a href=\"https:\/\/www.eba.ufmg.br\/wp-content\/uploads\/2026\/03\/Oferta-de-disciplinas-CCRBCM-2026-1_v14_com-indicacao-completa-de-salas.pdf\">Conserva\u00e7\u00e3o-Restaura\u00e7\u00e3o de Bens Culturais M\u00f3veis<\/a><\/p>\n\n\n\n<p><a href=\"https:\/\/docs.google.com\/spreadsheets\/d\/1uJh9EEibxn0VtxckY41AMa01M8ucCl5GSaZ5O1WhFvg\/edit?gid=1122072144#gid=1122072144\">CAAD<\/a><\/p>\n\n\n\n<p><a href=\"https:\/\/docs.google.com\/spreadsheets\/d\/1sShO4-ErO0bIgKzwH3eR5oCSPiEWpE6SiYLiqOg-Pi0\/edit?usp=sharing\" data-type=\"link\" data-id=\"https:\/\/docs.google.com\/spreadsheets\/d\/1sShO4-ErO0bIgKzwH3eR5oCSPiEWpE6SiYLiqOg-Pi0\/edit?usp=sharing\">Artes Visuais<\/a><\/p>\n\n\n\n<p><\/p>\n","protected":false},"excerpt":{"rendered":"<p>Teatro Dan\u00e7a Design de Moda Conserva\u00e7\u00e3o-Restaura\u00e7\u00e3o de Bens Culturais M\u00f3veis CAAD Artes Visuais<\/p>\n","protected":false},"author":1,"featured_media":0,"parent":0,"menu_order":0,"comment_status":"closed","ping_status":"closed","template":"","meta":{"_eb_attr":"","footnotes":""},"class_list":["post-5299","page","type-page","status-publish","hentry"],"_links":{"self":[{"href":"https:\/\/www.eba.ufmg.br\/index.php\/wp-json\/wp\/v2\/pages\/5299","targetHints":{"allow":["GET"]}}],"collection":[{"href":"https:\/\/www.eba.ufmg.br\/index.php\/wp-json\/wp\/v2\/pages"}],"about":[{"href":"https:\/\/www.eba.ufmg.br\/index.php\/wp-json\/wp\/v2\/types\/page"}],"author":[{"embeddable":true,"href":"https:\/\/www.eba.ufmg.br\/index.php\/wp-json\/wp\/v2\/users\/1"}],"replies":[{"embeddable":true,"href":"https:\/\/www.eba.ufmg.br\/index.php\/wp-json\/wp\/v2\/comments?post=5299"}],"version-history":[{"count":74,"href":"https:\/\/www.eba.ufmg.br\/index.php\/wp-json\/wp\/v2\/pages\/5299\/revisions"}],"predecessor-version":[{"id":9654,"href":"https:\/\/www.eba.ufmg.br\/index.php\/wp-json\/wp\/v2\/pages\/5299\/revisions\/9654"}],"wp:attachment":[{"href":"https:\/\/www.eba.ufmg.br\/index.php\/wp-json\/wp\/v2\/media?parent=5299"}],"curies":[{"name":"wp","href":"https:\/\/api.w.org\/{rel}","templated":true}]}}