{"id":46,"date":"2017-03-24T14:16:45","date_gmt":"2017-03-24T17:16:45","guid":{"rendered":"http:\/\/eba.ufmg.br\/nossa-escola\/?page_id=46"},"modified":"2017-03-24T15:27:38","modified_gmt":"2017-03-24T18:27:38","slug":"historia-da-instituicao","status":"publish","type":"page","link":"https:\/\/www.eba.ufmg.br\/index.php\/historia-da-instituicao\/","title":{"rendered":"Hist\u00f3ria da Institui\u00e7\u00e3o"},"content":{"rendered":"<p style=\"text-align: justify;\">As origens da Escola de Belas Artes remetem \u00e0 passagem de Juscelino Kubitschek pela Prefeitura da capital. <strong>Em <span style=\"color: #0000ff;\">29 de fevereiro de 1944<\/span>, atrav\u00e9s do Decreto n\u00b0 151, o ent\u00e3o prefeito criou o <span style=\"color: #ff0000;\">Instituto de Belas Artes<\/span><\/strong> de Belo Horizonte, ao qual foi incorporada a Escola de Arquitetura. A Escola de Belas Artes, didaticamente aut\u00f4noma, constitu\u00eda-se do curso de pintura, escultura e gravura. As primeiras sess\u00f5es de desenho e pintura eram ministradas em parques da cidade e at\u00e9 num galp\u00e3o onde hoje se encontra o Pal\u00e1cio das Artes.<\/p>\n<p style=\"text-align: justify;\"><strong>O marco inaugural da Escola de Belas Artes se deu em <span style=\"color: #0000ff;\">5 de abril de 1957<\/span> com a cria\u00e7\u00e3o do <span style=\"color: #ff0000;\">Curso de Arte<\/span> pela Congrega\u00e7\u00e3o da Escola de Arquitetura<\/strong> da Universidade de Minas Gerais (UMG), no centro de Belo Horizonte, quando as aulas passaram a ser ministradas efetivamente, trazendo a voca\u00e7\u00e3o do fazer art\u00edstico, influenciada pelos artistas que participaram de sua concretiza\u00e7\u00e3o.<\/p>\n<p style=\"text-align: center;\"><img loading=\"lazy\" decoding=\"async\" class=\"alignnone wp-image-53 size-full\" src=\"http:\/\/eba.ufmg.br\/\/wp-content\/uploads\/2017\/03\/EA-1-Escola-de-Arquitetura-d\u00e9cada-50.jpg\" alt=\"\" width=\"380\" height=\"274\" srcset=\"https:\/\/www.eba.ufmg.br\/wp-content\/uploads\/2017\/03\/EA-1-Escola-de-Arquitetura-d\u00e9cada-50.jpg 380w, https:\/\/www.eba.ufmg.br\/wp-content\/uploads\/2017\/03\/EA-1-Escola-de-Arquitetura-d\u00e9cada-50-300x216.jpg 300w\" sizes=\"auto, (max-width: 380px) 100vw, 380px\" \/><\/p>\n<p style=\"text-align: center;\">Escola de Arquitetura \u2013 D\u00e9cada de 50<\/p>\n<p style=\"text-align: justify;\">A conviv\u00eancia entre os estudantes de Arquitetura e os do Curso de Arte criado na \u00e9poca n\u00e3o era pac\u00edfica:<\/p>\n<blockquote>\n<p style=\"text-align: justify;\">\u201cOs alunos de arquitetura n\u00e3o aceitavam os estudantes de Belas Artes, porque o n\u00edvel de forma\u00e7\u00e3o exigido dos \u00faltimos era menor. Eles eram alvo de bombinhas, barricadas e precisaram enfrentar at\u00e9 corredor polon\u00eas para assistir \u00e0s aulas\u201d, informa Pomp\u00e9a P\u00e9ret de Britto, professora aposentada da Escola e uma das primeiras alunas do curso.<\/p>\n<\/blockquote>\n<p style=\"text-align: center;\"><img loading=\"lazy\" decoding=\"async\" class=\"alignnone wp-image-54 size-full\" src=\"http:\/\/eba.ufmg.br\/\/wp-content\/uploads\/2017\/03\/Pomp\u00e9a-P\u00e9ret-Britto-da-Rocha-1-17.09.2015-Catavento-Filmes.png\" alt=\"\" width=\"507\" height=\"285\" srcset=\"https:\/\/www.eba.ufmg.br\/wp-content\/uploads\/2017\/03\/Pomp\u00e9a-P\u00e9ret-Britto-da-Rocha-1-17.09.2015-Catavento-Filmes.png 507w, https:\/\/www.eba.ufmg.br\/wp-content\/uploads\/2017\/03\/Pomp\u00e9a-P\u00e9ret-Britto-da-Rocha-1-17.09.2015-Catavento-Filmes-300x169.png 300w\" sizes=\"auto, (max-width: 507px) 100vw, 507px\" \/><\/p>\n<p style=\"text-align: center;\">Artista pl\u00e1stica e professora Pomp\u00e9ia Peret de Britto.\u00a0Foto de 17\/09\/2015 (Catavento Filmes).<\/p>\n<p style=\"text-align: justify;\">O conflito incentivou o professor Orlando de Carvalho, ent\u00e3o Reitor da UFMG, a levar a quest\u00e3o do Curso de Belas Artes para o Conselho Universit\u00e1rio, que apoiou a transfer\u00eancia para o campus Pampulha por decreto, na \u00e9poca ocupado somente pelo pr\u00e9dio da Reitoria. <strong>O Curso de Belas Artes foi <span style=\"color: #ff0000;\">transferido \u00e0 Reitoria<\/span> em <span style=\"color: #0000ff;\">21 de mar\u00e7o de 1963<\/span><\/strong>.<\/p>\n<p style=\"text-align: justify;\"><strong>Em <span style=\"color: #0000ff;\">1963<\/span>, a <span style=\"color: #ff0000;\">primeira turma<\/span> do Curso de Belas Artes foi abrigada em um <span style=\"color: #ff0000;\">conjunto de galp\u00f5es<\/span><\/strong> que guardava o material de constru\u00e7\u00e3o das unidades do campus Pampulha. Mesmo entre vergalh\u00f5es e concreto, alunos e professores tinham motivos para comemorar, pois, enfim, haviam encontrado um \u201ccantinho\u201d para trabalhar:<\/p>\n<blockquote>\n<p style=\"text-align: justify;\">\u201cAssist\u00edamos \u00e0s aulas te\u00f3ricas em um andar da Reitoria, enquanto as pr\u00e1ticas eram dadas nos galp\u00f5es que abrigavam a Escola\u201d, lembra Pomp\u00e9a Britto.<\/p>\n<\/blockquote>\n<p style=\"text-align: center;\"><img loading=\"lazy\" decoding=\"async\" class=\"alignnone wp-image-55 size-full\" src=\"http:\/\/eba.ufmg.br\/\/wp-content\/uploads\/2017\/03\/EBA-6-Galp\u00e3o-que-abrigava-a-EBA-em-1964.jpg\" alt=\"\" width=\"471\" height=\"194\" srcset=\"https:\/\/www.eba.ufmg.br\/wp-content\/uploads\/2017\/03\/EBA-6-Galp\u00e3o-que-abrigava-a-EBA-em-1964.jpg 471w, https:\/\/www.eba.ufmg.br\/wp-content\/uploads\/2017\/03\/EBA-6-Galp\u00e3o-que-abrigava-a-EBA-em-1964-300x124.jpg 300w\" sizes=\"auto, (max-width: 471px) 100vw, 471px\" \/><\/p>\n<p style=\"text-align: center;\">Galp\u00e3o que abrigava a EBA em 1964<\/p>\n<p style=\"text-align: justify;\">Como as condi\u00e7\u00f5es estruturais da Escola n\u00e3o eram das melhores, os professores e alunos contribu\u00edam para sua limpeza e manuten\u00e7\u00e3o. O corpo docente, formado em sua maioria por arquitetos \u2013 Yara Tupinamb\u00e1 e Haroldo Matos eram os \u00fanicos artistas \u2013, ministrava aulas de decora\u00e7\u00e3o, artes gr\u00e1ficas, escultura, desenho, cinema, aquarela, hist\u00f3ria da arte, modelagem e pintura. Somente <strong>em <span style=\"color: #0000ff;\">1965<\/span> come\u00e7ou a <span style=\"color: #ff0000;\">contrata\u00e7\u00e3o de professores especializados<\/span><\/strong>.<\/p>\n<p style=\"text-align: justify;\"><strong>Em <span style=\"color: #0000ff;\">31 de maio de 1965<\/span> foi elaborado o <span style=\"color: #ff0000;\">regimento da EBA<\/span><\/strong>, tendo o mesmo sido aprovado pelo Conselho.<\/p>\n<p style=\"text-align: center;\"><img loading=\"lazy\" decoding=\"async\" class=\"alignnone wp-image-56 size-full\" src=\"http:\/\/eba.ufmg.br\/\/wp-content\/uploads\/2017\/03\/Yara-Tupinanb\u00e1-1-14.08.2015-Catavento-Filmes.png\" alt=\"\" width=\"630\" height=\"354\" srcset=\"https:\/\/www.eba.ufmg.br\/wp-content\/uploads\/2017\/03\/Yara-Tupinanb\u00e1-1-14.08.2015-Catavento-Filmes.png 630w, https:\/\/www.eba.ufmg.br\/wp-content\/uploads\/2017\/03\/Yara-Tupinanb\u00e1-1-14.08.2015-Catavento-Filmes-300x169.png 300w\" sizes=\"auto, (max-width: 630px) 100vw, 630px\" \/><\/p>\n<p style=\"text-align: center;\">Artista pl\u00e1stica, Yara Tupinamb\u00e1, em sua exposi\u00e7\u00e3o no hall da Reitoria no Campus da UFMG.\u00a0Foto de 14\/08\/2015 (Catavento Filmes).<\/p>\n<p style=\"text-align: justify;\"><strong>Em <span style=\"color: #0000ff;\">1967<\/span>, os artistas do jovem Curso de Belas Artes participaram de uma experi\u00eancia marcante: o <span style=\"color: #ff0000;\">primeiro Festival de Inverno<\/span> realizado no pa\u00eds<\/strong>.<\/p>\n<blockquote>\n<p style=\"text-align: justify;\">\u201cO Festival era como um movimento de resist\u00eancia \u00e0 ditadura. Consegu\u00edamos driblar a censura e expressar, por meio da arte, met\u00e1foras sobre o tema\u201d, recorda a professora L\u00facia Gouv\u00eaa Pimentel.<\/p>\n<\/blockquote>\n<p style=\"text-align: center;\"><img loading=\"lazy\" decoding=\"async\" class=\"alignnone wp-image-57 size-full\" src=\"http:\/\/eba.ufmg.br\/\/wp-content\/uploads\/2017\/03\/L\u00facia-Gouv\u00eaa-Pimentel-1-17.09.2015-Catavento-Filmes.png\" alt=\"\" width=\"630\" height=\"354\" srcset=\"https:\/\/www.eba.ufmg.br\/wp-content\/uploads\/2017\/03\/L\u00facia-Gouv\u00eaa-Pimentel-1-17.09.2015-Catavento-Filmes.png 630w, https:\/\/www.eba.ufmg.br\/wp-content\/uploads\/2017\/03\/L\u00facia-Gouv\u00eaa-Pimentel-1-17.09.2015-Catavento-Filmes-300x169.png 300w\" sizes=\"auto, (max-width: 630px) 100vw, 630px\" \/><\/p>\n<p style=\"text-align: center;\">Professora L\u00facia Gouv\u00eaa Pimentel, primeira \u00e0 direita.\u00a0Foto de 17\/09\/2015 (Catavento Filmes).<\/p>\n<p style=\"text-align: justify;\"><strong>Em <span style=\"color: #0000ff;\">28 de janeiro de 1968<\/span>, a Escola de Belas Artes <span style=\"color: #ff0000;\">desvincula-se oficialmente<\/span> da Escola de Arquitetura<\/strong> e permanece sob a tutela da Reitoria da UFMG.<\/p>\n<p style=\"text-align: justify;\"><strong>Em <span style=\"color: #0000ff;\">28 de fevereiro de 1968<\/span>, atrav\u00e9s do Decreto-Lei n\u00ba 62.317, foi criada a <span style=\"color: #ff0000;\">Escola de Belas Artes<\/span><\/strong>, que se integrou ao sistema de Ensino Superior da Universidade por meio do Plano de Reestrutura\u00e7\u00e3o da Universidade Federal de Minas Gerais.<\/p>\n<p style=\"text-align: center;\"><img loading=\"lazy\" decoding=\"async\" class=\"alignnone wp-image-58 size-full\" src=\"http:\/\/eba.ufmg.br\/\/wp-content\/uploads\/2017\/03\/EBA-10.png\" alt=\"\" width=\"647\" height=\"210\" srcset=\"https:\/\/www.eba.ufmg.br\/wp-content\/uploads\/2017\/03\/EBA-10.png 647w, https:\/\/www.eba.ufmg.br\/wp-content\/uploads\/2017\/03\/EBA-10-300x97.png 300w\" sizes=\"auto, (max-width: 647px) 100vw, 647px\" \/><\/p>\n<p style=\"text-align: center;\">Escola velha, Galp\u00e3o, 1971<\/p>\n<p style=\"text-align: justify;\"><strong>Em <span style=\"color: #0000ff;\">1972<\/span><\/strong><strong>, foi feita a instala\u00e7\u00e3o da EBA\/UFMG em <span style=\"color: #ff0000;\">sede pr\u00f3pria<\/span> dentro do Campus\/Pampulha da UFMG<\/strong>.<\/p>\n<p style=\"text-align: center;\"><img loading=\"lazy\" decoding=\"async\" class=\"alignnone wp-image-64 size-full\" src=\"http:\/\/eba.ufmg.br\/\/wp-content\/uploads\/2017\/03\/EBA-6.png\" alt=\"\" width=\"655\" height=\"227\" srcset=\"https:\/\/www.eba.ufmg.br\/wp-content\/uploads\/2017\/03\/EBA-6.png 655w, https:\/\/www.eba.ufmg.br\/wp-content\/uploads\/2017\/03\/EBA-6-300x104.png 300w\" sizes=\"auto, (max-width: 655px) 100vw, 655px\" \/><\/p>\n<p style=\"text-align: center;\">Constru\u00e7\u00e3o da Escola de Belas Artes no Campus Pampulha<\/p>\n<p style=\"text-align: center;\"><img loading=\"lazy\" decoding=\"async\" class=\"alignnone wp-image-65 size-full\" src=\"http:\/\/eba.ufmg.br\/\/wp-content\/uploads\/2017\/03\/EBA-7.png\" alt=\"\" width=\"522\" height=\"227\" srcset=\"https:\/\/www.eba.ufmg.br\/wp-content\/uploads\/2017\/03\/EBA-7.png 522w, https:\/\/www.eba.ufmg.br\/wp-content\/uploads\/2017\/03\/EBA-7-300x130.png 300w\" sizes=\"auto, (max-width: 522px) 100vw, 522px\" \/><\/p>\n<p style=\"text-align: center;\">Constru\u00e7\u00e3o da Escultura Galileu<\/p>\n<p style=\"text-align: justify;\"><strong>Em <span style=\"color: #0000ff;\">1978<\/span><\/strong><strong>, a Institui\u00e7\u00e3o implantou o <span style=\"color: #ff0000;\">Curso de Especializa\u00e7\u00e3o em Conserva\u00e7\u00e3o e Restaura\u00e7\u00e3o de Bens Culturais M\u00f3veis<\/span><\/strong>, \u00fanico nesse n\u00edvel no Brasil, desenvolvido no <strong>Centro de Restaura\u00e7\u00e3o e Conserva\u00e7\u00e3o \u2013 CECOR (criado em <span style=\"color: #0000ff;\">1980<\/span>)<\/strong>, abrindo caminho para que <strong>em <span style=\"color: #0000ff;\">1995<\/span> fosse criado o <span style=\"color: #ff0000;\">Mestrado em Artes<\/span><\/strong> e que, <strong>em <span style=\"color: #0000ff;\">2006<\/span>, fosse implantado o <span style=\"color: #ff0000;\">Doutorado em Artes<\/span><\/strong>.<\/p>\n<p style=\"text-align: justify;\"><strong>Durante esse per\u00edodo a Escola ofereceu a <span style=\"color: #ff0000;\">gradua\u00e7\u00e3o em Belas Artes<\/span><\/strong>, mais tarde denominada por <span style=\"color: #ff0000;\"><strong>Artes Visuais<\/strong><\/span> e, <strong>em <span style=\"color: #0000ff;\">1998<\/span>, passou a abrigar tamb\u00e9m o <span style=\"color: #ff0000;\">Curso de Artes C\u00eanicas<\/span><\/strong>, vinculado ao Departamento de Fotografia e Cinema, que passou a denominar-se Departamento de Fotografia, Teatro e Cinema. A vincula\u00e7\u00e3o a este departamento denota a afinidade existente entre as \u00e1reas envolvidas \u2013 cinema e artes c\u00eanicas \u2013 e mostra a evolu\u00e7\u00e3o da EBA, que est\u00e1 constantemente em busca de novos desafios e investe continuamente no est\u00edmulo ao di\u00e1logo entre as linguagens art\u00edsticas.<\/p>\n<p style=\"text-align: justify;\">O car\u00e1ter multidisciplinar da Escola de Belas Artes foi refor\u00e7ado <strong>em <span style=\"color: #0000ff;\">2008<\/span> com a abertura da <span style=\"color: #ff0000;\">gradua\u00e7\u00e3o em Conserva\u00e7\u00e3o e Restaura\u00e7\u00e3o de Bens Culturais M\u00f3veis<\/span><\/strong>, com a implanta\u00e7\u00e3o <strong>em <span style=\"color: #0000ff;\">2009<\/span> da <span style=\"color: #ff0000;\">gradua\u00e7\u00e3o em Cinema de Anima\u00e7\u00e3o e Artes Digitais<\/span>, da <span style=\"color: #ff0000;\">gradua\u00e7\u00e3o em Design de Moda<\/span><\/strong> <strong>e com a implanta\u00e7\u00e3o, em <span style=\"color: #0000ff;\">2010<\/span>, da <span style=\"color: #ff0000;\">gradua\u00e7\u00e3o em Dan\u00e7a<\/span><\/strong>.<\/p>\n<p style=\"text-align: justify;\">O amadurecimento do projeto de implanta\u00e7\u00e3o do curso de Dan\u00e7a levou \u00e0 necessidade da mudan\u00e7a do nome do <strong>Curso de Artes C\u00eanicas, que passou a ser denominado <span style=\"color: #ff0000;\">Curso de Teatro<\/span> a partir de <span style=\"color: #0000ff;\">2007<\/span><\/strong>.<\/p>\n<p style=\"text-align: justify;\">Est\u00e1 em curso a cria\u00e7\u00e3o de um Departamento que reunir\u00e1 os cursos de Teatro e Dan\u00e7a.<\/p>\n","protected":false},"excerpt":{"rendered":"<p>As origens da Escola de Belas Artes remetem \u00e0 passagem de Juscelino Kubitschek pela Prefeitura da capital. Em 29 de fevereiro de 1944, atrav\u00e9s do Decreto n\u00b0 151, o ent\u00e3o prefeito criou o Instituto de Belas Artes de Belo Horizonte,<\/p>\n","protected":false},"author":1,"featured_media":0,"parent":0,"menu_order":0,"comment_status":"closed","ping_status":"closed","template":"","meta":{"_eb_attr":"","footnotes":""},"class_list":["post-46","page","type-page","status-publish","hentry"],"_links":{"self":[{"href":"https:\/\/www.eba.ufmg.br\/index.php\/wp-json\/wp\/v2\/pages\/46","targetHints":{"allow":["GET"]}}],"collection":[{"href":"https:\/\/www.eba.ufmg.br\/index.php\/wp-json\/wp\/v2\/pages"}],"about":[{"href":"https:\/\/www.eba.ufmg.br\/index.php\/wp-json\/wp\/v2\/types\/page"}],"author":[{"embeddable":true,"href":"https:\/\/www.eba.ufmg.br\/index.php\/wp-json\/wp\/v2\/users\/1"}],"replies":[{"embeddable":true,"href":"https:\/\/www.eba.ufmg.br\/index.php\/wp-json\/wp\/v2\/comments?post=46"}],"version-history":[{"count":7,"href":"https:\/\/www.eba.ufmg.br\/index.php\/wp-json\/wp\/v2\/pages\/46\/revisions"}],"predecessor-version":[{"id":66,"href":"https:\/\/www.eba.ufmg.br\/index.php\/wp-json\/wp\/v2\/pages\/46\/revisions\/66"}],"wp:attachment":[{"href":"https:\/\/www.eba.ufmg.br\/index.php\/wp-json\/wp\/v2\/media?parent=46"}],"curies":[{"name":"wp","href":"https:\/\/api.w.org\/{rel}","templated":true}]}}