{"id":3707,"date":"2021-04-27T14:46:10","date_gmt":"2021-04-27T17:46:10","guid":{"rendered":"http:\/\/eba.ufmg.br\/nossa-escola\/?page_id=3707"},"modified":"2025-01-07T12:20:58","modified_gmt":"2025-01-07T15:20:58","slug":"projetos-de-extensao","status":"publish","type":"page","link":"https:\/\/www.eba.ufmg.br\/index.php\/extensao\/projetos-de-extensao\/","title":{"rendered":"Projetos de Extens\u00e3o"},"content":{"rendered":"<p>P\u00e1gina dedicada \u00e0 divulga\u00e7\u00e3o dos projetos de Extens\u00e3o da Escola de Belas Artes.<\/p>\n<p><a href=\"https:\/\/sistemas.ufmg.br\/siex\/VerIdentificacao.do?id=94730&amp;tipo=Projeto\" target=\"_blank\" rel=\"noopener\"><strong>Arte Aqui<\/strong><\/a><br \/>Coordena\u00e7\u00e3o: Prof. Cristiano Gurgel Bickel<\/p>\n<p>O projeto Arte Aqui visa promover nos espa\u00e7os art\u00edsticos convencionais e experimentais da Escola de Belas Artes a exibi\u00e7\u00e3o das a\u00e7\u00f5es art\u00edsticas elaboradas por estudantes, professores, t\u00e9cnico-administrativos, projetos acad\u00eamicos e comunidade externa.<\/p>\n<p><a href=\"https:\/\/sistemas.ufmg.br\/siex\/VerIdentificacao.do?id=94730&amp;tipo=Projeto\" target=\"_blank\" rel=\"noopener\">Leia mais.<\/a><\/p>\n<hr \/>\n<p><a href=\"https:\/\/sistemas.ufmg.br\/siex\/VerIdentificacao.do?id=94731&amp;tipo=Projeto\" target=\"_blank\" rel=\"noopener\"><strong>Intera\u00e7\u00e3o<\/strong><\/a><br \/>Coordena\u00e7\u00e3o: Prof. Cristiano Gurgel Bickel<\/p>\n<p>O projeto Intera\u00e7\u00e3o visa aproximar a produ\u00e7\u00e3o art\u00edstica da comunidade da Escola de Belas Artes e Escola de M\u00fasica da UFMG, por meio da realiza\u00e7\u00e3o de mostras conjuntas de a\u00e7\u00f5es, apresenta\u00e7\u00f5es e interven\u00e7\u00f5es art\u00edsticas em diversos suportes, espa\u00e7os, m\u00eddias e plataformas virtuais da Escola de Belas Artes e Escola de M\u00fasica, extensivo ao campus da UFMG. O conceito geral de intera\u00e7\u00e3o abarca desde a rela\u00e7\u00e3o interunidades entre a Escola de Belas Artes e Escola de M\u00fasica, passando pela rela\u00e7\u00e3o artista e p\u00fablico, apontando para as dimens\u00f5es do real e do virtual, assim como para a pr\u00f3pria intera\u00e7\u00e3o entre os meios, linguagens e express\u00f5es art\u00edsticas contempor\u00e2neas.<\/p>\n<p><a href=\"https:\/\/sistemas.ufmg.br\/siex\/VerIdentificacao.do?id=94731&amp;tipo=Projeto\" target=\"_blank\" rel=\"noopener\">Leia mais.<\/a><\/p>\n<hr \/>\n<p><a href=\"https:\/\/sistemas.ufmg.br\/siex\/VerIdentificacao.do?id=90384&amp;tipo=Projeto\" target=\"_blank\" rel=\"noopener\"><strong>Ensaios de Dan\u00e7a<\/strong><\/a><br \/>Coordena\u00e7\u00e3o: Profa. Graziela Correia de Andrade<\/p>\n<p>A Escola de Belas Artes desenvolveu o Projeto Ensaios da Dan\u00e7a que ir\u00e1 beneficiar com not\u00edcias e divulga\u00e7\u00f5es art\u00edsticas junto ao colegiado do curso, a nossa comunidade interna e externa, com artes de dan\u00e7as, que ir\u00e3o acontecer ou est\u00e3o acontecendo na nossa cidade.<\/p>\n<p>A equipe \u00e9 integrada por professores, alunos do curso, junto a secretaria, coordenadores e tamb\u00e9m volunt\u00e1rios.<\/p>\n<p>Somos um grupo interessado em compartilhar a Arte da Dan\u00e7a \u00e0 nossa comunidade, tendo em vista que um dos pilares deste blog \u00e9 a inclus\u00e3o social. Pensando nisso, iremos trabalhar com divulga\u00e7\u00f5es art\u00edsticas para aqueles que t\u00eam pouco ou nenhum acesso a tais informa\u00e7\u00f5es, no que diz respeito \u00e0s suas compet\u00eancias, bem como a responsabilidade, a \u00e9tica, e sua produ\u00e7\u00e3o que extrapola a confec\u00e7\u00e3o de espet\u00e1culos c\u00eanicos.<\/p>\n<p>Ao assumir esse compromisso somos convidados a refletir a pluralidade de pensamentos referente a dan\u00e7a.<br \/>As divulga\u00e7\u00f5es ocorrem com reflex\u00f5es de dan\u00e7as, cursos de workshop, palestras, not\u00edcias, e outros entretenimentos.<br \/>A transpar\u00eancia, o respeito, a \u00e9tica, s\u00e3o algumas das qualidades que o Projeto Ensaios da Dan\u00e7a usufrui a comunidade.<\/p>\n<p><a href=\"http:\/\/www.eba.ufmg.br\/ensaiosdedanca\/\" target=\"_blank\" rel=\"noopener\">Canal de Not\u00edcias.<\/a><\/p>\n<hr \/>\n<p>\u00a0<\/p>\n\n\n<p><\/p>\n","protected":false},"excerpt":{"rendered":"<p>P\u00e1gina dedicada \u00e0 divulga\u00e7\u00e3o dos projetos de Extens\u00e3o da Escola de Belas Artes. Arte AquiCoordena\u00e7\u00e3o: Prof. Cristiano Gurgel Bickel O projeto Arte Aqui visa promover nos espa\u00e7os art\u00edsticos convencionais e experimentais da Escola de Belas Artes a exibi\u00e7\u00e3o das a\u00e7\u00f5es<\/p>\n","protected":false},"author":1,"featured_media":0,"parent":82,"menu_order":0,"comment_status":"closed","ping_status":"closed","template":"","meta":{"_eb_attr":"","footnotes":""},"class_list":["post-3707","page","type-page","status-publish","hentry"],"_links":{"self":[{"href":"https:\/\/www.eba.ufmg.br\/index.php\/wp-json\/wp\/v2\/pages\/3707","targetHints":{"allow":["GET"]}}],"collection":[{"href":"https:\/\/www.eba.ufmg.br\/index.php\/wp-json\/wp\/v2\/pages"}],"about":[{"href":"https:\/\/www.eba.ufmg.br\/index.php\/wp-json\/wp\/v2\/types\/page"}],"author":[{"embeddable":true,"href":"https:\/\/www.eba.ufmg.br\/index.php\/wp-json\/wp\/v2\/users\/1"}],"replies":[{"embeddable":true,"href":"https:\/\/www.eba.ufmg.br\/index.php\/wp-json\/wp\/v2\/comments?post=3707"}],"version-history":[{"count":7,"href":"https:\/\/www.eba.ufmg.br\/index.php\/wp-json\/wp\/v2\/pages\/3707\/revisions"}],"predecessor-version":[{"id":7999,"href":"https:\/\/www.eba.ufmg.br\/index.php\/wp-json\/wp\/v2\/pages\/3707\/revisions\/7999"}],"up":[{"embeddable":true,"href":"https:\/\/www.eba.ufmg.br\/index.php\/wp-json\/wp\/v2\/pages\/82"}],"wp:attachment":[{"href":"https:\/\/www.eba.ufmg.br\/index.php\/wp-json\/wp\/v2\/media?parent=3707"}],"curies":[{"name":"wp","href":"https:\/\/api.w.org\/{rel}","templated":true}]}}