{"id":366,"date":"2017-03-27T14:58:20","date_gmt":"2017-03-27T17:58:20","guid":{"rendered":"http:\/\/eba.ufmg.br\/nossa-escola\/?page_id=366"},"modified":"2020-03-20T12:02:14","modified_gmt":"2020-03-20T15:02:14","slug":"espaco-do-aluno","status":"publish","type":"page","link":"https:\/\/www.eba.ufmg.br\/index.php\/espaco-do-aluno\/","title":{"rendered":"Espa\u00e7o do aluno"},"content":{"rendered":"<p style=\"text-align: justify;\">Caro estudante, a <span style=\"color: #0000ff;\"><strong>Escola de Belas Artes \u2013 EBA<\/strong><\/span>\u00a0oferece disciplinas e outras atividades acad\u00eamicas, cient\u00edficas, culturais e esportivas a <strong><span style=\"color: #ff0000;\">1.190 alunos de gradua\u00e7\u00e3o<\/span><\/strong> e <strong><span style=\"color: #ff0000;\">220\u00a0alunos de p\u00f3s-gradua\u00e7\u00e3o<\/span><\/strong>. Esse \u00e9 um espa\u00e7o dedicado a voc\u00ea.<\/p>\n<p style=\"text-align: justify;\">Aqui voc\u00ea pode encontrar informa\u00e7\u00f5es sobre salas de aulas, calend\u00e1rios, oportunidade de est\u00e1gios, campeonatos esportivos, dentre outras.<\/p>\n<ul>\n<li style=\"text-align: justify;\">Atl\u00e9tica<\/li>\n<li style=\"text-align: justify;\"><a href=\"https:\/\/www.ufmg.br\/conheca\/calendario.shtml\" target=\"_blank\">Calend\u00e1rio Acad\u00eamico<\/a><\/li>\n<li style=\"text-align: justify;\">Oportunidades de Est\u00e1gio<\/li>\n<li style=\"text-align: justify;\">Memorial Ocupa Belas<\/li>\n<li style=\"text-align: justify;\">Salas de Aulas<\/li>\n<li style=\"text-align: justify;\">Treinamentos\n<ul>\n<li style=\"text-align: justify;\"><a href=\"http:\/\/eba.ufmg.br\/\/index.php\/video-guia-para-plano-de-estudos\/\">Preenchimento do Plano de Estudos pelo aluno no Sistema UFMG<\/a>.<\/li>\n<\/ul>\n<\/li>\n<\/ul>\n","protected":false},"excerpt":{"rendered":"<p>Caro estudante, a Escola de Belas Artes \u2013 EBA\u00a0oferece disciplinas e outras atividades acad\u00eamicas, cient\u00edficas, culturais e esportivas a 1.190 alunos de gradua\u00e7\u00e3o e 220\u00a0alunos de p\u00f3s-gradua\u00e7\u00e3o. Esse \u00e9 um espa\u00e7o dedicado a voc\u00ea. Aqui voc\u00ea pode encontrar informa\u00e7\u00f5es sobre<\/p>\n","protected":false},"author":1,"featured_media":0,"parent":0,"menu_order":0,"comment_status":"closed","ping_status":"closed","template":"","meta":{"_eb_attr":"","footnotes":""},"class_list":["post-366","page","type-page","status-publish","hentry"],"_links":{"self":[{"href":"https:\/\/www.eba.ufmg.br\/index.php\/wp-json\/wp\/v2\/pages\/366","targetHints":{"allow":["GET"]}}],"collection":[{"href":"https:\/\/www.eba.ufmg.br\/index.php\/wp-json\/wp\/v2\/pages"}],"about":[{"href":"https:\/\/www.eba.ufmg.br\/index.php\/wp-json\/wp\/v2\/types\/page"}],"author":[{"embeddable":true,"href":"https:\/\/www.eba.ufmg.br\/index.php\/wp-json\/wp\/v2\/users\/1"}],"replies":[{"embeddable":true,"href":"https:\/\/www.eba.ufmg.br\/index.php\/wp-json\/wp\/v2\/comments?post=366"}],"version-history":[{"count":15,"href":"https:\/\/www.eba.ufmg.br\/index.php\/wp-json\/wp\/v2\/pages\/366\/revisions"}],"predecessor-version":[{"id":2656,"href":"https:\/\/www.eba.ufmg.br\/index.php\/wp-json\/wp\/v2\/pages\/366\/revisions\/2656"}],"wp:attachment":[{"href":"https:\/\/www.eba.ufmg.br\/index.php\/wp-json\/wp\/v2\/media?parent=366"}],"curies":[{"name":"wp","href":"https:\/\/api.w.org\/{rel}","templated":true}]}}