{"id":354,"date":"2017-03-27T14:50:32","date_gmt":"2017-03-27T17:50:32","guid":{"rendered":"http:\/\/eba.ufmg.br\/nossa-escola\/?page_id=354"},"modified":"2017-04-25T12:02:47","modified_gmt":"2017-04-25T15:02:47","slug":"fotos-e-videos","status":"publish","type":"page","link":"https:\/\/www.eba.ufmg.br\/index.php\/fotos-e-videos\/","title":{"rendered":"Fotos e V\u00eddeos"},"content":{"rendered":"<h3 style=\"text-align: center;\"><strong><span style=\"color: #0000ff;\">Escola de Belas Artes abre a comemora\u00e7\u00e3o de seus 60 anos (5.4.2017)<\/span><\/strong><\/h3>\n<p style=\"text-align: center;\">A Escola de Belas Artes da UFMG completou 60 anos com direito a uma festa que reuniu alunos e professores ilustres que j\u00e1 passaram pela EBA. Em entrevista \u00e0 TV UFMG, Yara Tupynamb\u00e1, artista pl\u00e1stica e ex-diretora da unidade e Beatriz Ramos de Vasconcellos Coelho, idealizadora do Centro de Conserva\u00e7\u00e3o e Restaura\u00e7\u00e3o de Bens Culturais M\u00f3veis, falaram sobre a import\u00e2ncia da Escola.<\/p>\n<p><iframe loading=\"lazy\" width=\"720\" height=\"405\" src=\"https:\/\/www.youtube.com\/embed\/CMqrB9HY3lw?feature=oembed\" frameborder=\"0\" allowfullscreen><\/iframe><\/p>\n<h3 style=\"text-align: center;\"><span style=\"color: #0000ff;\"><strong>Galeria de Imagens EBA 60 anos de hist\u00f3ria<\/strong><\/span><\/h3>\n<p style=\"text-align: center;\">[metaslider id=1056]<\/p>\n<h3 style=\"text-align: center;\"><span style=\"color: #0000ff;\"><strong>S\u00e9rie Professor Artista<\/strong><\/span><\/h3>\n<p><iframe loading=\"lazy\" width=\"720\" height=\"405\" src=\"https:\/\/www.youtube.com\/embed\/Z_cBW7Bcxv8?start=1034&#038;feature=oembed\" frameborder=\"0\" allowfullscreen><\/iframe><\/p>\n","protected":false},"excerpt":{"rendered":"<p>Escola de Belas Artes abre a comemora\u00e7\u00e3o de seus 60 anos (5.4.2017) A Escola de Belas Artes da UFMG completou 60 anos com direito a uma festa que reuniu alunos e professores ilustres que j\u00e1 passaram pela EBA. Em entrevista<\/p>\n","protected":false},"author":1,"featured_media":0,"parent":0,"menu_order":0,"comment_status":"closed","ping_status":"closed","template":"","meta":{"_eb_attr":"","footnotes":""},"class_list":["post-354","page","type-page","status-publish","hentry"],"_links":{"self":[{"href":"https:\/\/www.eba.ufmg.br\/index.php\/wp-json\/wp\/v2\/pages\/354","targetHints":{"allow":["GET"]}}],"collection":[{"href":"https:\/\/www.eba.ufmg.br\/index.php\/wp-json\/wp\/v2\/pages"}],"about":[{"href":"https:\/\/www.eba.ufmg.br\/index.php\/wp-json\/wp\/v2\/types\/page"}],"author":[{"embeddable":true,"href":"https:\/\/www.eba.ufmg.br\/index.php\/wp-json\/wp\/v2\/users\/1"}],"replies":[{"embeddable":true,"href":"https:\/\/www.eba.ufmg.br\/index.php\/wp-json\/wp\/v2\/comments?post=354"}],"version-history":[{"count":8,"href":"https:\/\/www.eba.ufmg.br\/index.php\/wp-json\/wp\/v2\/pages\/354\/revisions"}],"predecessor-version":[{"id":1605,"href":"https:\/\/www.eba.ufmg.br\/index.php\/wp-json\/wp\/v2\/pages\/354\/revisions\/1605"}],"wp:attachment":[{"href":"https:\/\/www.eba.ufmg.br\/index.php\/wp-json\/wp\/v2\/media?parent=354"}],"curies":[{"name":"wp","href":"https:\/\/api.w.org\/{rel}","templated":true}]}}