{"id":337,"date":"2017-03-27T14:30:57","date_gmt":"2017-03-27T17:30:57","guid":{"rendered":"http:\/\/eba.ufmg.br\/nossa-escola\/?page_id=337"},"modified":"2017-05-30T10:49:10","modified_gmt":"2017-05-30T13:49:10","slug":"legislacao","status":"publish","type":"page","link":"https:\/\/www.eba.ufmg.br\/index.php\/legislacao\/","title":{"rendered":"Legisla\u00e7\u00e3o"},"content":{"rendered":"<h3 style=\"text-align: justify;\"><span style=\"color: #0000ff;\"><strong>Leis e normas superiores<\/strong><\/span><\/h3>\n<ul style=\"text-align: justify;\">\n<li><a href=\"http:\/\/www.planalto.gov.br\/ccivil_03\/leis\/l8112cons.htm\" target=\"_blank\"><strong>Estatuto do Servidor P\u00fablico \u2013 Lei n\u00ba 8112<\/strong>, de 11 de dezembro de 1990, publicada no Di\u00e1rio Oficial da Uni\u00e3o (DOU) em 14 de abril de 1991 e republicada em 18 de mar\u00e7o de 1998<\/a><a href=\"http:\/\/www.planalto.gov.br\/ccivil_03\/leis\/l8112cons.htm\" target=\"_blank\"><br \/>\n<\/a><\/li>\n<li><a href=\"http:\/\/www.planalto.gov.br\/ccivil_03\/_ato2011-2014\/2012\/lei\/l12772.htm\" target=\"_blank\"><strong>Plano de Carreiras e Cargos de Magist\u00e9rio Federal \u2013 Lei n\u00ba 12772<\/strong>, de 28 de dezembro de 2012, publicada no Di\u00e1rio Oficial da Uni\u00e3o (DOU) em 31 de dezembro de 2012<\/a><a href=\"http:\/\/www.planalto.gov.br\/ccivil_03\/_ato2011-2014\/2012\/lei\/l12772.htm\" target=\"_blank\"><br \/>\n<\/a><\/li>\n<li><a href=\"http:\/\/www.planalto.gov.br\/ccivil_03\/_Ato2007-2010\/2009\/Decreto\/D6944.htm\" target=\"_blank\"><strong>Decreto n\u00ba 6944<\/strong>, de 21 de agosto de 2009, publicado no Di\u00e1rio Oficial da Uni\u00e3o (DOU) em 24 de agosto de 2009<\/a><\/li>\n<li><a href=\"https:\/\/www2.ufmg.br\/sods\/Sods\/Sobre-a-UFMG\/Estatuto\" target=\"_blank\"><strong>Estatuto da UFMG \u2013 Resolu\u00e7\u00e3o n\u00ba 04\/1999<\/strong>, de 4 de mar\u00e7o de 1999, do Conselho Universit\u00e1rio da UFMG<\/a><\/li>\n<li><a href=\"https:\/\/www2.ufmg.br\/sods\/Sods\/Sobre-a-UFMG\/Regimento-Geral\" target=\"_blank\"><strong>Regimento Geral da UFMG \u2013 Resolu\u00e7\u00e3o Complementar n\u00ba 03\/2012<\/strong>, de 27 de novembro de 2012, do Conselho Universit\u00e1rio da UFMG, que reedita, com altera\u00e7\u00f5es, a Resolu\u00e7\u00e3o Complementar n\u00ba 01\/2010, de 16 de mar\u00e7o de 2010<\/a><\/li>\n<li><a href=\"http:\/\/eba.ufmg.br\/\/wp-content\/uploads\/2017\/03\/CEPE-Resolucao-Complementar-2009-01.pdf\" target=\"_blank\"><strong>Normas Gerais da P\u00f3s-Gradua\u00e7\u00e3o da UFMG \u2013 Resolu\u00e7\u00e3o Complementar n\u00ba 01\/2009<\/strong>, de 27 de outubro de 2009, do Conselho de Ensino, Pesquisa e Extens\u00e3o (CEPE) da UFMG<\/a><\/li>\n<\/ul>\n<h3 style=\"text-align: justify;\"><span style=\"color: #0000ff;\"><strong>Resolu\u00e7\u00f5es do CEPE e do Conselho Universit\u00e1rio pertinentes a concursos e promo\u00e7\u00f5es<\/strong><\/span><\/h3>\n<ul style=\"text-align: justify;\">\n<li><a href=\"http:\/\/eba.ufmg.br\/\/wp-content\/uploads\/2017\/03\/Conselho-Universitario-Resolucao-1999-30A.pdf\" target=\"_blank\"><strong>Resolu\u00e7\u00e3o n\u00ba 30A\/1999<\/strong>, de 16 de dezembro de 1999, do Conselho Universit\u00e1rio da UFMG<\/a><a href=\"https:\/\/www.eng.ufmg.br\/portal\/wp-content\/uploads\/2013\/03\/Resolu%C3%A7%C3%A3o_13-2010_Processo-de-Revis%C3%A3o.pdf\" target=\"_blank\"><br \/>\n<\/a><\/li>\n<li><a href=\"http:\/\/eba.ufmg.br\/\/wp-content\/uploads\/2017\/03\/Conselho-Universitario-Resolucao-2010-13.pdf\" target=\"_blank\"><strong>Resolu\u00e7\u00e3o n\u00ba 13\/2010<\/strong>, de 11 de novembro de 2010, do Conselho Universit\u00e1rio da UFMG<\/a><a href=\"https:\/\/www.eng.ufmg.br\/portal\/wp-content\/uploads\/2013\/03\/Resolu%C3%A7%C3%A3o_13-2010_Processo-de-Revis%C3%A3o.pdf\" target=\"_blank\"><br \/>\n<\/a><\/li>\n<li><a href=\"http:\/\/eba.ufmg.br\/\/wp-content\/uploads\/2017\/03\/Conselho-Universitario-Resolucao-Complementar-2013-02.pdf\" target=\"_blank\"><strong>Resolu\u00e7\u00e3o Complementar n\u00ba 02\/2013<\/strong>, de 7 de fevereiro de 2013, do Conselho Universit\u00e1rio da UFMG<\/a><\/li>\n<\/ul>\n","protected":false},"excerpt":{"rendered":"<p>Leis e normas superiores Estatuto do Servidor P\u00fablico \u2013 Lei n\u00ba 8112, de 11 de dezembro de 1990, publicada no Di\u00e1rio Oficial da Uni\u00e3o (DOU) em 14 de abril de 1991 e republicada em 18 de mar\u00e7o de 1998 Plano<\/p>\n","protected":false},"author":1,"featured_media":0,"parent":0,"menu_order":0,"comment_status":"closed","ping_status":"closed","template":"","meta":{"_eb_attr":"","footnotes":""},"class_list":["post-337","page","type-page","status-publish","hentry"],"_links":{"self":[{"href":"https:\/\/www.eba.ufmg.br\/index.php\/wp-json\/wp\/v2\/pages\/337","targetHints":{"allow":["GET"]}}],"collection":[{"href":"https:\/\/www.eba.ufmg.br\/index.php\/wp-json\/wp\/v2\/pages"}],"about":[{"href":"https:\/\/www.eba.ufmg.br\/index.php\/wp-json\/wp\/v2\/types\/page"}],"author":[{"embeddable":true,"href":"https:\/\/www.eba.ufmg.br\/index.php\/wp-json\/wp\/v2\/users\/1"}],"replies":[{"embeddable":true,"href":"https:\/\/www.eba.ufmg.br\/index.php\/wp-json\/wp\/v2\/comments?post=337"}],"version-history":[{"count":12,"href":"https:\/\/www.eba.ufmg.br\/index.php\/wp-json\/wp\/v2\/pages\/337\/revisions"}],"predecessor-version":[{"id":2237,"href":"https:\/\/www.eba.ufmg.br\/index.php\/wp-json\/wp\/v2\/pages\/337\/revisions\/2237"}],"wp:attachment":[{"href":"https:\/\/www.eba.ufmg.br\/index.php\/wp-json\/wp\/v2\/media?parent=337"}],"curies":[{"name":"wp","href":"https:\/\/api.w.org\/{rel}","templated":true}]}}