{"id":2924,"date":"2020-07-02T11:28:14","date_gmt":"2020-07-02T14:28:14","guid":{"rendered":"http:\/\/eba.ufmg.br\/nossa-escola\/?page_id=2924"},"modified":"2020-07-02T11:31:39","modified_gmt":"2020-07-02T14:31:39","slug":"como-encerrar-uma-atividade-no-siex","status":"publish","type":"page","link":"https:\/\/www.eba.ufmg.br\/index.php\/extensao\/como-encerrar-uma-atividade-no-siex\/","title":{"rendered":"Como encerrar uma atividade no SIEX"},"content":{"rendered":"<p>Para <strong>encerrar<\/strong> uma atividade inclu\u00edda no Sistema de Informa\u00e7\u00e3o de Extens\u00e3o (SIEX), siga este passo-a-passo:<\/p>\n<p>a) Certifique-se que as informa\u00e7\u00f5es na aba <strong>RESULTADOS ATINGIDOS<\/strong> est\u00e3o <strong>atualizadas<\/strong>. Recomenda-se que esta aba seja atualizada periodicamente. A coordenadora ou coordenador deve informar dados num\u00e9ricos sobre o andamento do projeto, no caso dos cursos, deve incluir o n\u00famero de matr\u00edculas confirmadas e o n\u00famero de participantes que conclu\u00edram a a\u00e7\u00e3o. No campo de resultados gerais, devem ser inclu\u00edda alguma informa\u00e7\u00e3o textual sobre o andamento a fim de alimentar o hist\u00f3rico do projeto. Uma atividade n\u00e3o pode ser encerrada sem que seja registrado algum resultado atingido.<\/p>\n<p>b) <strong>Aten\u00e7\u00e3o<\/strong>: mesmo que a atividade n\u00e3o tenha sido realizada, \u00e9 <strong>fundamental<\/strong> incluir esta informa\u00e7\u00e3o textual no campo RESULTADOS GERAIS\u00a0 para que fique registrado no hist\u00f3rico da atividade.<\/p>\n<p>c) <strong>Envie para o Cenex-EBA<\/strong> ao clicar no bot\u00e3o SUBMETER \u00c0 AUDITORIA.<\/p>\n<p>d) O <strong>Cenex-EBA ir\u00e1 validar<\/strong> as informa\u00e7\u00f5es e o projeto <strong>retornar\u00e1<\/strong> para a Coordenadora ou Coordenador.<\/p>\n<p>e) Com o projeto em status ATIVO, a Coordenadora ou Coordenador deve <strong>clicar no bot\u00e3o<\/strong> CONCLUIR A\u00c7\u00c3O DE EXTENS\u00c3O presente no menu \u00e0 esquerda na p\u00e1gina do SIEX. Ao faz\u00ea-lo, ir\u00e1 para uma p\u00e1gina de confirma\u00e7\u00e3o. Caso confirme, o projeto estar\u00e1 com status de CONCLU\u00cdDO.<\/p>\n<p>\u00c9 importante notar que, ap\u00f3s conclu\u00eddo, o n\u00famero de refer\u00eancia atribu\u00eddo a esta atividade estar\u00e1 bloqueado e a atividade n\u00e3o poder\u00e1 ser reaberta. Caso a coordenadora ou Coordenador deseje retom\u00e1-la, um novo processo de cria\u00e7\u00e3o de Atividade de Extens\u00e3o dever\u00e1 ser iniciado, enviando a documenta\u00e7\u00e3o necess\u00e1ria para aprova\u00e7\u00e3o nas devidas inst\u00e2ncias (C\u00e2maras Departamentais, Congrega\u00e7\u00e3o, etc.).<\/p>\n","protected":false},"excerpt":{"rendered":"<p>Para encerrar uma atividade inclu\u00edda no Sistema de Informa\u00e7\u00e3o de Extens\u00e3o (SIEX), siga este passo-a-passo: a) Certifique-se que as informa\u00e7\u00f5es na aba RESULTADOS ATINGIDOS est\u00e3o atualizadas. Recomenda-se que esta aba seja atualizada periodicamente. A coordenadora ou coordenador deve informar dados<\/p>\n","protected":false},"author":2,"featured_media":0,"parent":82,"menu_order":0,"comment_status":"closed","ping_status":"closed","template":"","meta":{"_eb_attr":"","footnotes":""},"class_list":["post-2924","page","type-page","status-publish","hentry"],"_links":{"self":[{"href":"https:\/\/www.eba.ufmg.br\/index.php\/wp-json\/wp\/v2\/pages\/2924","targetHints":{"allow":["GET"]}}],"collection":[{"href":"https:\/\/www.eba.ufmg.br\/index.php\/wp-json\/wp\/v2\/pages"}],"about":[{"href":"https:\/\/www.eba.ufmg.br\/index.php\/wp-json\/wp\/v2\/types\/page"}],"author":[{"embeddable":true,"href":"https:\/\/www.eba.ufmg.br\/index.php\/wp-json\/wp\/v2\/users\/2"}],"replies":[{"embeddable":true,"href":"https:\/\/www.eba.ufmg.br\/index.php\/wp-json\/wp\/v2\/comments?post=2924"}],"version-history":[{"count":1,"href":"https:\/\/www.eba.ufmg.br\/index.php\/wp-json\/wp\/v2\/pages\/2924\/revisions"}],"predecessor-version":[{"id":2925,"href":"https:\/\/www.eba.ufmg.br\/index.php\/wp-json\/wp\/v2\/pages\/2924\/revisions\/2925"}],"up":[{"embeddable":true,"href":"https:\/\/www.eba.ufmg.br\/index.php\/wp-json\/wp\/v2\/pages\/82"}],"wp:attachment":[{"href":"https:\/\/www.eba.ufmg.br\/index.php\/wp-json\/wp\/v2\/media?parent=2924"}],"curies":[{"name":"wp","href":"https:\/\/api.w.org\/{rel}","templated":true}]}}