{"id":29,"date":"2017-03-24T13:48:56","date_gmt":"2017-03-24T16:48:56","guid":{"rendered":"http:\/\/eba.ufmg.br\/nossa-escola\/?page_id=29"},"modified":"2017-03-27T13:46:52","modified_gmt":"2017-03-27T16:46:52","slug":"sobre-a-escola","status":"publish","type":"page","link":"https:\/\/www.eba.ufmg.br\/index.php\/sobre-a-escola\/","title":{"rendered":"Sobre a Escola"},"content":{"rendered":"<p style=\"text-align: left;\"><img loading=\"lazy\" decoding=\"async\" class=\"wp-image-31 size-large aligncenter\" src=\"http:\/\/eba.ufmg.br\/\/wp-content\/uploads\/2017\/03\/Arte-37-1024x184.png\" alt=\"\" width=\"840\" height=\"151\" srcset=\"https:\/\/www.eba.ufmg.br\/wp-content\/uploads\/2017\/03\/Arte-37-1024x184.png 1024w, https:\/\/www.eba.ufmg.br\/wp-content\/uploads\/2017\/03\/Arte-37-300x54.png 300w, https:\/\/www.eba.ufmg.br\/wp-content\/uploads\/2017\/03\/Arte-37-768x138.png 768w, https:\/\/www.eba.ufmg.br\/wp-content\/uploads\/2017\/03\/Arte-37-1200x216.png 1200w, https:\/\/www.eba.ufmg.br\/wp-content\/uploads\/2017\/03\/Arte-37.png 1367w\" sizes=\"auto, (max-width: 840px) 100vw, 840px\" \/><\/p>\n<p style=\"text-align: justify;\">A <span style=\"color: #0000ff;\"><strong>Escola de Belas Artes<\/strong><\/span> (EBA) da Universidade Federal de Minas Gerais (UFMG), \u00e9 pioneira no ensino de Artes em Minas Gerais em n\u00edvel de gradua\u00e7\u00e3o, especializa\u00e7\u00e3o, mestrado e doutorado.<\/p>\n<p style=\"text-align: justify;\">A Escola foi criada em 5 de abril de 1957, inicialmente, sob a forma de Curso de Arte na Escola de Arquitetura da UFMG. Posteriormente, foi transformada em Unidade Acad\u00eamica que se integrou ao sistema de Ensino Superior da Universidade por meio do Plano de Reestrutura\u00e7\u00e3o da Universidade Federal de Minas Gerais, aprovado pelo Decreto-Lei n\u00ba 62.317, de 28 de fevereiro de 1968.<\/p>\n<p style=\"text-align: justify;\">A Escola possui cerca de 115 professores, alocados em tr\u00eas departamentos acad\u00eamicos: Departamento de Artes Pl\u00e1sticas, Departamento de Desenho, e Departamento de Fotografia, Teatro e Cinema.<\/p>\n<p style=\"text-align: justify;\">Na EBA s\u00e3o lecionados integralmente seis cursos de gradua\u00e7\u00e3o, e quatro cursos de p\u00f3s-gradua\u00e7\u00e3o na \u00e1rea de Arte, al\u00e9m de dois cursos de gradua\u00e7\u00e3o em parceria com outras unidades acad\u00eamicas da UFMG.<\/p>\n<p style=\"text-align: justify;\"><span style=\"color: #0000ff;\"><strong>Cursos de Gradua\u00e7\u00e3o <\/strong><\/span>oferecidos integralmente pela EBA:<\/p>\n<ul style=\"text-align: justify;\">\n<li>Artes Visuais com bacharelados em Artes Gr\u00e1ficas, Desenho, Escultura, Gravura, Pintura, e uma Licenciatura;<\/li>\n<li>Cinema de Anima\u00e7\u00e3o e Artes Digitais;<\/li>\n<li>Conserva\u00e7\u00e3o e Restaura\u00e7\u00e3o de Bens Culturais M\u00f3veis;<\/li>\n<li>Dan\u00e7a;<\/li>\n<li>Design de Moda;<\/li>\n<li>Teatro.<\/li>\n<\/ul>\n<p style=\"text-align: justify;\"><span style=\"color: #0000ff;\"><strong>Cursos de Gradua\u00e7\u00e3o Interunidades<\/strong><\/span>, oferecidos em parceria com outras unidades acad\u00eamicas da UFMG:<\/p>\n<ul style=\"text-align: justify;\">\n<li>Design: Parceria Escola de Belas Artes e Escola de Arquitetura da UFMG;<\/li>\n<li>Museologia: Parceria Escola de Belas Artes e Escola de Ci\u00eancia da Informa\u00e7\u00e3o da UFMG.<\/li>\n<\/ul>\n<p style=\"text-align: justify;\">Na Escola de Belas Artes s\u00e3o oferecidos <strong><span style=\"color: #0000ff;\">Cursos de P\u00f3s-Gradua\u00e7\u00e3o<\/span> <em>lato sensu<\/em> e <em>strictu sensu<\/em><\/strong>. O Programa de P\u00f3s-gradua\u00e7\u00e3o em Artes da EBA, em meados de 2016, \u00e9 classificado com o n\u00edvel 5 pela Capes, \u00f3rg\u00e3o do Minist\u00e9rio da Educa\u00e7\u00e3o. S\u00e3o oferecidos os seguintes cursos de p\u00f3s-gradua\u00e7\u00e3o:<\/p>\n<ul style=\"text-align: justify;\">\n<li>Especializa\u00e7\u00e3o em Ensino de Artes Visuais, modalidade a dist\u00e2ncia (EaD);<\/li>\n<li>Mestrado Profissional em Artes, voltado a professores da Educa\u00e7\u00e3o B\u00e1sica brasileira;<\/li>\n<li>Mestrado e Doutorado Acad\u00eamico em Artes, com seis linhas de pesquisa:\n<ol>\n<li>Artes da Cena;<\/li>\n<li>Artes e Experi\u00eancia Interartes na Educa\u00e7\u00e3o;<\/li>\n<li>Cinema;<\/li>\n<li>Artes Pl\u00e1sticas, Visuais e Interartes: Manifesta\u00e7\u00f5es Art\u00edsticas e suas Perspectivas Hist\u00f3ricas, Te\u00f3ricas e Cr\u00edticas;<\/li>\n<li>Preserva\u00e7\u00e3o do Patrim\u00f4nio Cultural;<\/li>\n<li>Po\u00e9ticas Tecnol\u00f3gicas.<\/li>\n<\/ol>\n<\/li>\n<\/ul>\n<p style=\"text-align: justify;\">Al\u00e9m da atua\u00e7\u00e3o no ensino de gradua\u00e7\u00e3o e p\u00f3s-gradua\u00e7\u00e3o, seus docentes realizam <span style=\"color: #0000ff;\"><strong>Projetos de Extens\u00e3o Acad\u00eamica<\/strong><\/span> e <span style=\"color: #0000ff;\"><strong>Pesquisas Diversas<\/strong><\/span> na \u00e1rea de Arte.<\/p>\n","protected":false},"excerpt":{"rendered":"<p>A Escola de Belas Artes (EBA) da Universidade Federal de Minas Gerais (UFMG), \u00e9 pioneira no ensino de Artes em Minas Gerais em n\u00edvel de gradua\u00e7\u00e3o, especializa\u00e7\u00e3o, mestrado e doutorado. A Escola foi criada em 5 de abril de 1957,<\/p>\n","protected":false},"author":1,"featured_media":0,"parent":0,"menu_order":0,"comment_status":"closed","ping_status":"closed","template":"","meta":{"_eb_attr":"","footnotes":""},"class_list":["post-29","page","type-page","status-publish","hentry"],"_links":{"self":[{"href":"https:\/\/www.eba.ufmg.br\/index.php\/wp-json\/wp\/v2\/pages\/29","targetHints":{"allow":["GET"]}}],"collection":[{"href":"https:\/\/www.eba.ufmg.br\/index.php\/wp-json\/wp\/v2\/pages"}],"about":[{"href":"https:\/\/www.eba.ufmg.br\/index.php\/wp-json\/wp\/v2\/types\/page"}],"author":[{"embeddable":true,"href":"https:\/\/www.eba.ufmg.br\/index.php\/wp-json\/wp\/v2\/users\/1"}],"replies":[{"embeddable":true,"href":"https:\/\/www.eba.ufmg.br\/index.php\/wp-json\/wp\/v2\/comments?post=29"}],"version-history":[{"count":5,"href":"https:\/\/www.eba.ufmg.br\/index.php\/wp-json\/wp\/v2\/pages\/29\/revisions"}],"predecessor-version":[{"id":306,"href":"https:\/\/www.eba.ufmg.br\/index.php\/wp-json\/wp\/v2\/pages\/29\/revisions\/306"}],"wp:attachment":[{"href":"https:\/\/www.eba.ufmg.br\/index.php\/wp-json\/wp\/v2\/media?parent=29"}],"curies":[{"name":"wp","href":"https:\/\/api.w.org\/{rel}","templated":true}]}}