{"id":257,"date":"2017-03-27T10:23:45","date_gmt":"2017-03-27T13:23:45","guid":{"rendered":"http:\/\/eba.ufmg.br\/nossa-escola\/?page_id=257"},"modified":"2017-06-22T08:15:55","modified_gmt":"2017-06-22T11:15:55","slug":"laboratorio-de-graduacao","status":"publish","type":"page","link":"https:\/\/www.eba.ufmg.br\/index.php\/laboratorio-de-graduacao\/","title":{"rendered":"Laborat\u00f3rio de Inform\u00e1tica da Gradua\u00e7\u00e3o (LIG)"},"content":{"rendered":"<p style=\"text-align: justify;\"><strong>O <span style=\"color: #0000ff;\">Laborat\u00f3rio de Inform\u00e1tica da Gradua\u00e7\u00e3o (LIG)<\/span> foi o primeiro espa\u00e7o informatizado disponibilizado para os alunos da Escola de Belas Artes.<\/strong> Mesmo tendo sido proposto inicialmente como projeto da Licenciatura em Artes Visuais, foi, ao longo do tempo, utilizado por v\u00e1rias disciplinas de cinema de anima\u00e7\u00e3o, artes gr\u00e1ficas e fotografia, dentre outras. Al\u00e9m disso, ficou como espa\u00e7o para toda comunidade da escola, com uso, fora dos hor\u00e1rios de aulas, liberado aos alunos como ambiente de estudos e pesquisas acad\u00eamicas.<\/p>\n<p style=\"text-align: justify;\">\n","protected":false},"excerpt":{"rendered":"<p>O Laborat\u00f3rio de Inform\u00e1tica da Gradua\u00e7\u00e3o (LIG) foi o primeiro espa\u00e7o informatizado disponibilizado para os alunos da Escola de Belas Artes. Mesmo tendo sido proposto inicialmente como projeto da Licenciatura em Artes Visuais, foi, ao longo do tempo, utilizado por<\/p>\n","protected":false},"author":1,"featured_media":0,"parent":0,"menu_order":0,"comment_status":"closed","ping_status":"closed","template":"","meta":{"_eb_attr":"","footnotes":""},"class_list":["post-257","page","type-page","status-publish","hentry"],"_links":{"self":[{"href":"https:\/\/www.eba.ufmg.br\/index.php\/wp-json\/wp\/v2\/pages\/257","targetHints":{"allow":["GET"]}}],"collection":[{"href":"https:\/\/www.eba.ufmg.br\/index.php\/wp-json\/wp\/v2\/pages"}],"about":[{"href":"https:\/\/www.eba.ufmg.br\/index.php\/wp-json\/wp\/v2\/types\/page"}],"author":[{"embeddable":true,"href":"https:\/\/www.eba.ufmg.br\/index.php\/wp-json\/wp\/v2\/users\/1"}],"replies":[{"embeddable":true,"href":"https:\/\/www.eba.ufmg.br\/index.php\/wp-json\/wp\/v2\/comments?post=257"}],"version-history":[{"count":8,"href":"https:\/\/www.eba.ufmg.br\/index.php\/wp-json\/wp\/v2\/pages\/257\/revisions"}],"predecessor-version":[{"id":2251,"href":"https:\/\/www.eba.ufmg.br\/index.php\/wp-json\/wp\/v2\/pages\/257\/revisions\/2251"}],"wp:attachment":[{"href":"https:\/\/www.eba.ufmg.br\/index.php\/wp-json\/wp\/v2\/media?parent=257"}],"curies":[{"name":"wp","href":"https:\/\/api.w.org\/{rel}","templated":true}]}}