{"id":2446,"date":"2020-02-19T17:28:34","date_gmt":"2020-02-19T20:28:34","guid":{"rendered":"http:\/\/eba.ufmg.br\/nossa-escola\/?page_id=2446"},"modified":"2024-12-27T16:32:16","modified_gmt":"2024-12-27T19:32:16","slug":"cenex-eba","status":"publish","type":"page","link":"https:\/\/www.eba.ufmg.br\/index.php\/extensao\/cenex-eba\/","title":{"rendered":"CENEX-EBA"},"content":{"rendered":"<p>O CENEX-EBA \u00e9 um \u00f3rg\u00e3o colegiado da Escola de Belas Artes &#8211; UFMG respons\u00e1vel pelo apoio a assuntos referentes a atividades de Extens\u00e3o universit\u00e1ria, tais como Programas, Projetos, Eventos e Presta\u00e7\u00e3o de Servi\u00e7os coordenados por servidores p\u00fablicos integrantes da Comunidade da EBA e pela gest\u00e3o em parceria com os Coordenadores de Cursos de Extens\u00e3o.<\/p>\n<p>A Equipe atual do CENEX-EBA \u00e9 constitu\u00edda por:<\/p>\n<p><strong>Coordena\u00e7\u00e3o<\/strong>: Prof. Sandro Ka (Coordenador) e Prof. M\u00e1rcio Andr\u00e9 Diegues (Sub-coordenador)<\/p>\n<p><strong>Secretaria<\/strong>: <span id=\"e-37C3AC8B8457EAAE03258B710047B9CF-1-mailinfo-from-summary-0\" class=\"s-mailinfo-addresslink\" title=\"Criar novo memorando de correio com este endere\u00e7o\">Anna Isabel de Carvalho<\/span><\/p>\n<p><strong>Produ\u00e7\u00e3o Cultural<\/strong>: Michel Corsino<\/p>\n<p><strong>Bolsista<\/strong>: Marcos Germano<\/p>\n<p><strong>Diretrizes da Extens\u00e3o<\/strong><br \/>\nS\u00e3o quatro as diretrizes fundamentais das atividades de Extens\u00e3o na UFMG, de acordo com a orienta\u00e7\u00e3o da Pr\u00f3-Reitoria de Extens\u00e3o da UFMG (ProEx).<\/p>\n<p><strong>Indissociabilidade entre ensino, pesquisa e extens\u00e3o<\/strong>: esta diretriz reafirma a Extens\u00e3o como processo acad\u00eamico, em que toda a\u00e7\u00e3o de Extens\u00e3o deve estar vinculada ao processo de forma\u00e7\u00e3o de pessoas e de gera\u00e7\u00e3o de conhecimento, tendo o aluno como protagonista de sua forma\u00e7\u00e3o t\u00e9cnica para obten\u00e7\u00e3o de compet\u00eancias necess\u00e1rias \u00e0 atua\u00e7\u00e3o profissional, e de sua forma\u00e7\u00e3o cidad\u00e3 \u2013 reconhecer-se agente da garantia de direitos e deveres, assumindo uma vis\u00e3o transformadora e um compromisso. Na aplica\u00e7\u00e3o dessa diretriz abre-se a possibilidade da participa\u00e7\u00e3o da Extens\u00e3o Universit\u00e1ria na flexibiliza\u00e7\u00e3o da forma\u00e7\u00e3o discente, contribuindo para a implementa\u00e7\u00e3o das diretrizes curriculares nacionais, com reconhecimento de a\u00e7\u00f5es de Extens\u00e3o por meio da credita\u00e7\u00e3o curricular.<\/p>\n<p><strong>Interdisciplinaridade<\/strong>:\u00a0caracterizada pela intera\u00e7\u00e3o de modelos e conceitos complementares, de material anal\u00edtico e de metodologias, buscando consist\u00eancia te\u00f3rica e operacional que estruture o trabalho dos atores do processo social e que conduza \u00e0 interinstitucionalidade, constru\u00edda na intera\u00e7\u00e3o e inter-rela\u00e7\u00e3o de organiza\u00e7\u00f5es, profissionais e pessoas.<\/p>\n<p><strong>Impacto e transforma\u00e7\u00e3o<\/strong>: afirma-se pelo estabelecimento de uma rela\u00e7\u00e3o entre a Universidade e outros setores da Sociedade, com vistas a uma atua\u00e7\u00e3o transformadora, voltada para os interesses e necessidades da maioria da popula\u00e7\u00e3o, aliada dos movimentos de supera\u00e7\u00e3o de desigualdades e da exclus\u00e3o social e implementadora de desenvolvimento regional e de pol\u00edticas p\u00fablicas comprometidas com o desenvolvimento solid\u00e1rio, democr\u00e1tico e sustent\u00e1vel.<\/p>\n<p><strong>Intera\u00e7\u00e3o dial\u00f3gica<\/strong>: o desenvolvimento de rela\u00e7\u00f5es entre universidade e setores sociais marcadas pelo di\u00e1logo, pela a\u00e7\u00e3o de m\u00e3o-dupla, de troca de saberes, de supera\u00e7\u00e3o do discurso da hegemonia acad\u00eamica para uma alian\u00e7a com movimentos sociais de supera\u00e7\u00e3o de desigualdades e de exclus\u00e3o<\/p>\n","protected":false},"excerpt":{"rendered":"<p>O CENEX-EBA \u00e9 um \u00f3rg\u00e3o colegiado da Escola de Belas Artes &#8211; UFMG respons\u00e1vel pelo apoio a assuntos referentes a atividades de Extens\u00e3o universit\u00e1ria, tais como Programas, Projetos, Eventos e Presta\u00e7\u00e3o de Servi\u00e7os coordenados por servidores p\u00fablicos integrantes da Comunidade<\/p>\n","protected":false},"author":2,"featured_media":0,"parent":82,"menu_order":0,"comment_status":"closed","ping_status":"closed","template":"","meta":{"_eb_attr":"","footnotes":""},"class_list":["post-2446","page","type-page","status-publish","hentry"],"_links":{"self":[{"href":"https:\/\/www.eba.ufmg.br\/index.php\/wp-json\/wp\/v2\/pages\/2446","targetHints":{"allow":["GET"]}}],"collection":[{"href":"https:\/\/www.eba.ufmg.br\/index.php\/wp-json\/wp\/v2\/pages"}],"about":[{"href":"https:\/\/www.eba.ufmg.br\/index.php\/wp-json\/wp\/v2\/types\/page"}],"author":[{"embeddable":true,"href":"https:\/\/www.eba.ufmg.br\/index.php\/wp-json\/wp\/v2\/users\/2"}],"replies":[{"embeddable":true,"href":"https:\/\/www.eba.ufmg.br\/index.php\/wp-json\/wp\/v2\/comments?post=2446"}],"version-history":[{"count":10,"href":"https:\/\/www.eba.ufmg.br\/index.php\/wp-json\/wp\/v2\/pages\/2446\/revisions"}],"predecessor-version":[{"id":7934,"href":"https:\/\/www.eba.ufmg.br\/index.php\/wp-json\/wp\/v2\/pages\/2446\/revisions\/7934"}],"up":[{"embeddable":true,"href":"https:\/\/www.eba.ufmg.br\/index.php\/wp-json\/wp\/v2\/pages\/82"}],"wp:attachment":[{"href":"https:\/\/www.eba.ufmg.br\/index.php\/wp-json\/wp\/v2\/media?parent=2446"}],"curies":[{"name":"wp","href":"https:\/\/api.w.org\/{rel}","templated":true}]}}