{"id":2437,"date":"2020-02-19T16:26:50","date_gmt":"2020-02-19T19:26:50","guid":{"rendered":"http:\/\/eba.ufmg.br\/nossa-escola\/?page_id=2437"},"modified":"2020-02-19T16:26:50","modified_gmt":"2020-02-19T19:26:50","slug":"certificados-de-participacao","status":"publish","type":"page","link":"https:\/\/www.eba.ufmg.br\/index.php\/certificados-de-participacao\/","title":{"rendered":"Certificados de Participa\u00e7\u00e3o"},"content":{"rendered":"<div class=\"entry-content\">\n<p>Para que os certificados possam ser confeccionados, os professores ministrantes devem encaminhar o Di\u00e1rio de Classe ao CENEX-EBA, devidamente preenchido, contendo a aferi\u00e7\u00e3o de frequ\u00eancia dos participantes, logo ap\u00f3s o t\u00e9rmino da atividade.<\/p>\n<p>Para casos de cursos pagos, somente os alunos com a quita\u00e7\u00e3o integral e a frequ\u00eancia m\u00ednima exigida, registrada no Di\u00e1rio de Classe, poder\u00e3o receber Certificados.<\/p>\n<p>Os Certificados s\u00e3o confeccionados ap\u00f3s a confer\u00eancia de informa\u00e7\u00f5es junto aos Coordenadores do Curso e estar\u00e3o dispon\u00edveis para retirada no CENEX-EBA pelo prazo de dois anos, durante o hor\u00e1rio de atendimento ao p\u00fablico.<\/p>\n<p>&nbsp;<\/p>\n<p><strong>CERTIFICADOS ANTIGOS<\/strong><\/p>\n<p>Os Certificados de atividades ocorridas h\u00e1 mais de 2 anos dever\u00e3o ser solicitados ao CENEX-EBA por meio de formul\u00e1rio espec\u00edfico. O prazo de confec\u00e7\u00e3o de Certificados antigos depende de um prazo maior, por demandar a verifica\u00e7\u00e3o de informa\u00e7\u00f5es no hist\u00f3rico do CENEX-EBA.<\/p>\n<p>Salientamos que algumas atividades ocorridas h\u00e1 mais de 2 anos podem apresentar grande dificuldade em serem comprovadas, deste modo o Certificado pode n\u00e3o estar mais dispon\u00edvel.<\/p>\n<\/div>\n","protected":false},"excerpt":{"rendered":"<p>Para que os certificados possam ser confeccionados, os professores ministrantes devem encaminhar o Di\u00e1rio de Classe ao CENEX-EBA, devidamente preenchido, contendo a aferi\u00e7\u00e3o de frequ\u00eancia dos participantes, logo ap\u00f3s o t\u00e9rmino da atividade. Para casos de cursos pagos, somente os<\/p>\n","protected":false},"author":2,"featured_media":0,"parent":0,"menu_order":0,"comment_status":"closed","ping_status":"closed","template":"","meta":{"_eb_attr":"","footnotes":""},"class_list":["post-2437","page","type-page","status-publish","hentry"],"_links":{"self":[{"href":"https:\/\/www.eba.ufmg.br\/index.php\/wp-json\/wp\/v2\/pages\/2437","targetHints":{"allow":["GET"]}}],"collection":[{"href":"https:\/\/www.eba.ufmg.br\/index.php\/wp-json\/wp\/v2\/pages"}],"about":[{"href":"https:\/\/www.eba.ufmg.br\/index.php\/wp-json\/wp\/v2\/types\/page"}],"author":[{"embeddable":true,"href":"https:\/\/www.eba.ufmg.br\/index.php\/wp-json\/wp\/v2\/users\/2"}],"replies":[{"embeddable":true,"href":"https:\/\/www.eba.ufmg.br\/index.php\/wp-json\/wp\/v2\/comments?post=2437"}],"version-history":[{"count":1,"href":"https:\/\/www.eba.ufmg.br\/index.php\/wp-json\/wp\/v2\/pages\/2437\/revisions"}],"predecessor-version":[{"id":2438,"href":"https:\/\/www.eba.ufmg.br\/index.php\/wp-json\/wp\/v2\/pages\/2437\/revisions\/2438"}],"wp:attachment":[{"href":"https:\/\/www.eba.ufmg.br\/index.php\/wp-json\/wp\/v2\/media?parent=2437"}],"curies":[{"name":"wp","href":"https:\/\/api.w.org\/{rel}","templated":true}]}}