{"id":240,"date":"2017-03-27T10:09:54","date_gmt":"2017-03-27T13:09:54","guid":{"rendered":"http:\/\/eba.ufmg.br\/nossa-escola\/?page_id=240"},"modified":"2026-02-02T09:18:57","modified_gmt":"2026-02-02T12:18:57","slug":"setor-de-tecnologia-da-informacao","status":"publish","type":"page","link":"https:\/\/www.eba.ufmg.br\/index.php\/setor-de-tecnologia-da-informacao\/","title":{"rendered":"Setor de Tecnologia da Informa\u00e7\u00e3o"},"content":{"rendered":"<article class=\"entry post clearfix\">\n<div class=\"post-content clearfix\">\n<div class=\"entry_content\">Respons\u00e1vel: Carlos Ant\u00f4nio de Souza Perini, J\u00fanio C\u00e9sar Vieira e Breno Magela Silva<br \/>\nEmail: ti@eba.ufmg.br<br \/>\nTel.: (31) 3409-5266<\/div>\n<\/div>\n<\/article>\n","protected":false},"excerpt":{"rendered":"<p>Respons\u00e1vel: Carlos Ant\u00f4nio de Souza Perini, J\u00fanio C\u00e9sar Vieira e Breno Magela Silva Email: ti@eba.ufmg.br Tel.: (31) 3409-5266<\/p>\n","protected":false},"author":1,"featured_media":0,"parent":0,"menu_order":0,"comment_status":"closed","ping_status":"closed","template":"","meta":{"_eb_attr":"","footnotes":""},"class_list":["post-240","page","type-page","status-publish","hentry"],"_links":{"self":[{"href":"https:\/\/www.eba.ufmg.br\/index.php\/wp-json\/wp\/v2\/pages\/240","targetHints":{"allow":["GET"]}}],"collection":[{"href":"https:\/\/www.eba.ufmg.br\/index.php\/wp-json\/wp\/v2\/pages"}],"about":[{"href":"https:\/\/www.eba.ufmg.br\/index.php\/wp-json\/wp\/v2\/types\/page"}],"author":[{"embeddable":true,"href":"https:\/\/www.eba.ufmg.br\/index.php\/wp-json\/wp\/v2\/users\/1"}],"replies":[{"embeddable":true,"href":"https:\/\/www.eba.ufmg.br\/index.php\/wp-json\/wp\/v2\/comments?post=240"}],"version-history":[{"count":14,"href":"https:\/\/www.eba.ufmg.br\/index.php\/wp-json\/wp\/v2\/pages\/240\/revisions"}],"predecessor-version":[{"id":9441,"href":"https:\/\/www.eba.ufmg.br\/index.php\/wp-json\/wp\/v2\/pages\/240\/revisions\/9441"}],"wp:attachment":[{"href":"https:\/\/www.eba.ufmg.br\/index.php\/wp-json\/wp\/v2\/media?parent=240"}],"curies":[{"name":"wp","href":"https:\/\/api.w.org\/{rel}","templated":true}]}}