{"id":2382,"date":"2019-11-20T14:20:09","date_gmt":"2019-11-20T17:20:09","guid":{"rendered":"http:\/\/eba.ufmg.br\/nossa-escola\/?page_id=2382"},"modified":"2026-01-26T13:47:49","modified_gmt":"2026-01-26T16:47:49","slug":"editais-encerrados","status":"publish","type":"page","link":"https:\/\/www.eba.ufmg.br\/index.php\/editais-encerrados\/","title":{"rendered":"Editais Encerrados"},"content":{"rendered":"\n\n1. <a href=\"https:\/\/www.eba.ufmg.br\/index.php\/concurso-publico-para-professor-assistente-classe-a-nivel-1-edital-2612de-21-de-novembro-de-2024-area-de-conhecimento-animacao-3d\/2024\/11\/\">Professor Assistente Classe A n\u00edvel 1 \u2013 Edital 2612,de 21 de novembro de 2024 \u2013 \u00c1rea de Conhecimento: Anima\u00e7\u00e3o 3D<\/a>\n\n \n\n2. <a href=\"https:\/\/www.eba.ufmg.br\/index.php\/concurso-publico-para-professor-assistente-classe-a-nivel-1-edital-2174de-10-de-outubro-de-2024-area-de-conhecimento-animacao-2\/2024\/10\/\">Professor Assistente Classe A n\u00edvel 1 \u2013 Edital 2174,de 10 de outubro de 2024 \u2013 \u00c1rea de Conhecimento: Anima\u00e7\u00e3o 2D<\/a>\n\n\n\n3. <a href=\"https:\/\/www.eba.ufmg.br\/index.php\/concurso-publico-para-professor-adjunto-classe-a-nivel-1-edital-1710-de-22-de-agosto-de-2024-area-de-conhecimento-artes-graficas-e-visuais-teoria-experimentacao-e-producao-graf\/2024\/08\/\">Professor Adjunto Classe A n\u00edvel 1 \u2013 Edital 1710, de 22 de agosto de 2024 \u2013 \u00c1rea de Conhecimento: Artes Gr\u00e1ficas e Visuais: teoria, experimenta\u00e7\u00e3o e produ\u00e7\u00e3o gr\u00e1fica na contemporaneidade<\/a>\n\n4. <a href=\"https:\/\/www.eba.ufmg.br\/index.php\/concurso-publico-para-professor-adjunto-classe-a-nivel-1-edital-1669-de-19-de-agosto-de-2024-departamento-de-desenho-area-de-conhecimento-moda-design-de-moda-modelagem-moul\/2024\/08\/\">Professor Adjunto Classe A n\u00edvel 1 &#8211; Edital 1669, de 19 de agosto de 2024 \u2013 Departamento de Desenho \u2013 \u00c1rea de Conhecimento: Moda, Design de Moda, Modelagem, Moulage, Corte, Costura e Acabamento t\u00e9cnico de confec\u00e7\u00e3o<\/a>\n\n5. <a href=\"https:\/\/www.eba.ufmg.br\/index.php\/concurso-para-professor-assistente-a-nivel-i-departamento-de-fotografia-e-cinema-animacao-3d-digital\/2023\/09\/\">Professor Assistente A N\u00edvel I \u2013 Edital n\u00ba 2036 de 31 de agosto de 2023 \u2013 Departamento de Fotografia e Cinema \u2013 \u00c1rea de Conhecimento: Anima\u00e7\u00e3o 3D Digital<\/a>\n\n6. <a href=\"https:\/\/www.eba.ufmg.br\/index.php\/concurso-para-professor-adjunto-a-nivel-i-de-departamento-de-artes-plasticas-area-de-conhecimento-escultura-em-metal\/2023\/07\/\">Professor Adjunto \u2013\u00a0 Edital 1521, de 28 de junho de 2023 \u2013 Departamento De Artes Pl\u00e1sticas &#8211; \u00c1rea De Conhecimento: Escultura em Metal<\/a>\n\n7. <a href=\"https:\/\/www.eba.ufmg.br\/index.php\/processo-seletivo-simplificado-de-professor-substituto-departamento-de-artes-cenicas-area-de-conhecimento-danca-na-educacao-teorias-e-praticas-e-dancas-populares-brasileiras\/2023\/06\/\">Processo Seletivo Simplificado de Professor Substituto &#8211; Departamento de Artes C\u00eanicas &#8211; \u00c1rea de Conhecimento: Dan\u00e7a na Educa\u00e7\u00e3o: teorias e pr\u00e1ticas e Dan\u00e7as Populares Brasileiras<\/a>\n\n8. <a href=\"https:\/\/www.eba.ufmg.br\/index.php\/processo-seletivo-simplificado-de-professor-substituto-departamento-de-artes-cenicas-area-de-conhecimento-interpretacao-e-caracterizacao-teatral\/2023\/06\/\">Processo Seletivo Simplificado de Professor Substituto &#8211; Departamento de Artes C\u00eanicas &#8211; \u00c1rea de Conhecimento: Interpreta\u00e7\u00e3o e Caracteriza\u00e7\u00e3o Teatral<\/a>\n\n9. <a href=\"https:\/\/www.eba.ufmg.br\/index.php\/5936\/2023\/05\/\" target=\"_blank\" rel=\"noopener\">Professor Adjunto Edital 1220, de 23 de maio de 2023 \u2013 Departamento de Artes C\u00eanicas \u2013 \u00c1rea de Conhecimento: Voz e Musicalidades nas Culturas Tradicionais e em Pr\u00e1ticas Afirmativas<\/a> &#8211;\n\n10. <a href=\"https:\/\/www.eba.ufmg.br\/index.php\/5844\/2023\/05\/\">Professor Adjunto \u2013\u00a0 Edital 1170, de 17 de maio de 2023 \u2013 Departamento De Artes C\u00eanicas &#8211; \u00c1rea De Conhecimento: Teatro Negros: Processos Criativos E Pedag\u00f3gicos Do Teatro<\/a>","protected":false},"excerpt":{"rendered":"<p>1. Professor Assistente Classe A n\u00edvel 1 \u2013 Edital 2612,de 21 de novembro de 2024 \u2013 \u00c1rea de Conhecimento: Anima\u00e7\u00e3o 3D 2. Professor Assistente Classe A n\u00edvel 1 \u2013 Edital 2174,de 10 de outubro de 2024 \u2013 \u00c1rea de Conhecimento:<\/p>\n","protected":false},"author":1,"featured_media":0,"parent":0,"menu_order":0,"comment_status":"closed","ping_status":"closed","template":"","meta":{"_eb_attr":"","footnotes":""},"class_list":["post-2382","page","type-page","status-publish","hentry"],"_links":{"self":[{"href":"https:\/\/www.eba.ufmg.br\/index.php\/wp-json\/wp\/v2\/pages\/2382","targetHints":{"allow":["GET"]}}],"collection":[{"href":"https:\/\/www.eba.ufmg.br\/index.php\/wp-json\/wp\/v2\/pages"}],"about":[{"href":"https:\/\/www.eba.ufmg.br\/index.php\/wp-json\/wp\/v2\/types\/page"}],"author":[{"embeddable":true,"href":"https:\/\/www.eba.ufmg.br\/index.php\/wp-json\/wp\/v2\/users\/1"}],"replies":[{"embeddable":true,"href":"https:\/\/www.eba.ufmg.br\/index.php\/wp-json\/wp\/v2\/comments?post=2382"}],"version-history":[{"count":11,"href":"https:\/\/www.eba.ufmg.br\/index.php\/wp-json\/wp\/v2\/pages\/2382\/revisions"}],"predecessor-version":[{"id":9423,"href":"https:\/\/www.eba.ufmg.br\/index.php\/wp-json\/wp\/v2\/pages\/2382\/revisions\/9423"}],"wp:attachment":[{"href":"https:\/\/www.eba.ufmg.br\/index.php\/wp-json\/wp\/v2\/media?parent=2382"}],"curies":[{"name":"wp","href":"https:\/\/api.w.org\/{rel}","templated":true}]}}