{"id":234,"date":"2017-03-27T10:09:13","date_gmt":"2017-03-27T13:09:13","guid":{"rendered":"http:\/\/eba.ufmg.br\/nossa-escola\/?page_id=234"},"modified":"2026-02-03T12:11:11","modified_gmt":"2026-02-03T15:11:11","slug":"setor-de-patrimonio","status":"publish","type":"page","link":"https:\/\/www.eba.ufmg.br\/index.php\/setor-de-patrimonio\/","title":{"rendered":"Setor de Almoxarifado e Patrim\u00f4nio"},"content":{"rendered":"<p>Respons\u00e1vel: Gilberto Fa\u00fala Avelar Neto<br \/>\nServidores: K\u00e1ssio Santiago Pires de Souza<br \/>\nTelefone: (31) 3409-7482<br \/>\nspatri@eba.ufmg.br<\/p>\n","protected":false},"excerpt":{"rendered":"<p>Respons\u00e1vel: Gilberto Fa\u00fala Avelar Neto Servidores: K\u00e1ssio Santiago Pires de Souza Telefone: (31) 3409-7482 spatri@eba.ufmg.br<\/p>\n","protected":false},"author":1,"featured_media":0,"parent":0,"menu_order":0,"comment_status":"closed","ping_status":"closed","template":"","meta":{"_eb_attr":"","footnotes":""},"class_list":["post-234","page","type-page","status-publish","hentry"],"_links":{"self":[{"href":"https:\/\/www.eba.ufmg.br\/index.php\/wp-json\/wp\/v2\/pages\/234","targetHints":{"allow":["GET"]}}],"collection":[{"href":"https:\/\/www.eba.ufmg.br\/index.php\/wp-json\/wp\/v2\/pages"}],"about":[{"href":"https:\/\/www.eba.ufmg.br\/index.php\/wp-json\/wp\/v2\/types\/page"}],"author":[{"embeddable":true,"href":"https:\/\/www.eba.ufmg.br\/index.php\/wp-json\/wp\/v2\/users\/1"}],"replies":[{"embeddable":true,"href":"https:\/\/www.eba.ufmg.br\/index.php\/wp-json\/wp\/v2\/comments?post=234"}],"version-history":[{"count":6,"href":"https:\/\/www.eba.ufmg.br\/index.php\/wp-json\/wp\/v2\/pages\/234\/revisions"}],"predecessor-version":[{"id":9511,"href":"https:\/\/www.eba.ufmg.br\/index.php\/wp-json\/wp\/v2\/pages\/234\/revisions\/9511"}],"wp:attachment":[{"href":"https:\/\/www.eba.ufmg.br\/index.php\/wp-json\/wp\/v2\/media?parent=234"}],"curies":[{"name":"wp","href":"https:\/\/api.w.org\/{rel}","templated":true}]}}