{"id":231,"date":"2017-03-27T10:08:21","date_gmt":"2017-03-27T13:08:21","guid":{"rendered":"http:\/\/eba.ufmg.br\/nossa-escola\/?page_id=231"},"modified":"2024-10-08T13:45:24","modified_gmt":"2024-10-08T16:45:24","slug":"secao-de-logistica-e-servicos-operacionais","status":"publish","type":"page","link":"https:\/\/www.eba.ufmg.br\/index.php\/secao-de-logistica-e-servicos-operacionais\/","title":{"rendered":"Setor de Log\u00edstica e Servi\u00e7os Operacionais"},"content":{"rendered":"<p>Respons\u00e1vel: Ronaldo Cordeiro Lacerda Franco<br \/>\nServidores: Camilla Mamede Silva, Daniel Pereira Rocha, Eliezer Sampaio dos Santos J\u00fanior, Klausmax Pereira Coelho, Mauri Lacerda, Michael Kick de Souza Lima e Waldislene Zinatelli Alvarenga Silva.<br \/>\nEmail: slop@eba.ufmg.br<br \/>\nTel.: (31) 3409-5272<\/p>\n","protected":false},"excerpt":{"rendered":"<p>Respons\u00e1vel: Ronaldo Cordeiro Lacerda Franco Servidores: Camilla Mamede Silva, Daniel Pereira Rocha, Eliezer Sampaio dos Santos J\u00fanior, Klausmax Pereira Coelho, Mauri Lacerda, Michael Kick de Souza Lima e Waldislene Zinatelli Alvarenga Silva. Email: slop@eba.ufmg.br Tel.: (31) 3409-5272<\/p>\n","protected":false},"author":1,"featured_media":0,"parent":0,"menu_order":0,"comment_status":"closed","ping_status":"closed","template":"","meta":{"_eb_attr":"","footnotes":""},"class_list":["post-231","page","type-page","status-publish","hentry"],"_links":{"self":[{"href":"https:\/\/www.eba.ufmg.br\/index.php\/wp-json\/wp\/v2\/pages\/231","targetHints":{"allow":["GET"]}}],"collection":[{"href":"https:\/\/www.eba.ufmg.br\/index.php\/wp-json\/wp\/v2\/pages"}],"about":[{"href":"https:\/\/www.eba.ufmg.br\/index.php\/wp-json\/wp\/v2\/types\/page"}],"author":[{"embeddable":true,"href":"https:\/\/www.eba.ufmg.br\/index.php\/wp-json\/wp\/v2\/users\/1"}],"replies":[{"embeddable":true,"href":"https:\/\/www.eba.ufmg.br\/index.php\/wp-json\/wp\/v2\/comments?post=231"}],"version-history":[{"count":5,"href":"https:\/\/www.eba.ufmg.br\/index.php\/wp-json\/wp\/v2\/pages\/231\/revisions"}],"predecessor-version":[{"id":7367,"href":"https:\/\/www.eba.ufmg.br\/index.php\/wp-json\/wp\/v2\/pages\/231\/revisions\/7367"}],"wp:attachment":[{"href":"https:\/\/www.eba.ufmg.br\/index.php\/wp-json\/wp\/v2\/media?parent=231"}],"curies":[{"name":"wp","href":"https:\/\/api.w.org\/{rel}","templated":true}]}}