{"id":2153,"date":"2017-05-18T09:55:53","date_gmt":"2017-05-18T12:55:53","guid":{"rendered":"http:\/\/eba.ufmg.br\/nossa-escola\/?page_id=2153"},"modified":"2024-12-16T12:36:26","modified_gmt":"2024-12-16T15:36:26","slug":"laboratorios-do-cecor","status":"publish","type":"page","link":"https:\/\/www.eba.ufmg.br\/index.php\/laboratorios-do-cecor\/","title":{"rendered":"Laborat\u00f3rios do CECOR"},"content":{"rendered":"<p><strong>Laborat\u00f3rios do CECOR<\/strong><\/p>\n<p style=\"padding-left: 40px;\"><a href=\"https:\/\/www.eba.ufmg.br\/index.php\/laboratorio-de-ciencia-da-conservacao-lacicor\/\">Laborat\u00f3rio de Ci\u00eancia da Conserva\u00e7\u00e3o \u2013 Lacicor<\/a><br \/>\n<a href=\"https:\/\/www.eba.ufmg.br\/index.php\/laboratorio-de-conservacao-restauracao-de-pintura-e-escultura\/\">Laborat\u00f3rio de Conserva\u00e7\u00e3o-Restaura\u00e7\u00e3o de Pintura e Escultura \u2013 LAPE<\/a><br \/>\n<a href=\"https:\/\/www.eba.ufmg.br\/index.php\/laboratorio-de-conservacao-e-restauracao-de-pintura-lap\/\">Laborat\u00f3rio de Conserva\u00e7\u00e3o e Restaura\u00e7\u00e3o de Pintura \u2013 LAP<\/a><br \/>\n<a href=\"https:\/\/www.eba.ufmg.br\/index.php\/laboratorio-de-conservacao-restauracao-de-escultura-labore\/\">Laborat\u00f3rio de Conserva\u00e7\u00e3o-Restaura\u00e7\u00e3o de Escultura \u2013 LaboRE<\/a><br \/>\n<a href=\"https:\/\/www.eba.ufmg.br\/index.php\/laboratorio-de-conservacao-restauracao-de-documentos-graficos-e-filmicos-lagrafi\/\">Laborat\u00f3rio de Conserva\u00e7\u00e3o-Restaura\u00e7\u00e3o de Documentos Gr\u00e1ficos e F\u00edlmicos \u2013 LaGrafi<\/a><br \/>\n<a href=\"http:\/\/ilab.eba.ufmg.br\">Laborat\u00f3rio de Documenta\u00e7\u00e3o Cient\u00edfica por Imagem \u2013 iLAB<\/a><br \/>\n<a href=\"https:\/\/www.eba.ufmg.br\/index.php\/laboratorio-de-arqueometria-lapa\/\">Laborat\u00f3rio de Arqueometria \u2013 LAPA<\/a><br \/>\n<a href=\"https:\/\/www.eba.ufmg.br\/index.php\/laboratorio-de-fotografia-do-cecor\/\">Laborat\u00f3rio de Documenta\u00e7\u00e3o Fotogr\u00e1fica<\/a><\/p>\n","protected":false},"excerpt":{"rendered":"<p>Laborat\u00f3rios do CECOR Laborat\u00f3rio de Ci\u00eancia da Conserva\u00e7\u00e3o \u2013 Lacicor Laborat\u00f3rio de Conserva\u00e7\u00e3o-Restaura\u00e7\u00e3o de Pintura e Escultura \u2013 LAPE Laborat\u00f3rio de Conserva\u00e7\u00e3o e Restaura\u00e7\u00e3o de Pintura \u2013 LAP Laborat\u00f3rio de Conserva\u00e7\u00e3o-Restaura\u00e7\u00e3o de Escultura \u2013 LaboRE Laborat\u00f3rio de Conserva\u00e7\u00e3o-Restaura\u00e7\u00e3o de Documentos<\/p>\n","protected":false},"author":1,"featured_media":0,"parent":0,"menu_order":0,"comment_status":"closed","ping_status":"closed","template":"","meta":{"_eb_attr":"","footnotes":""},"class_list":["post-2153","page","type-page","status-publish","hentry"],"_links":{"self":[{"href":"https:\/\/www.eba.ufmg.br\/index.php\/wp-json\/wp\/v2\/pages\/2153","targetHints":{"allow":["GET"]}}],"collection":[{"href":"https:\/\/www.eba.ufmg.br\/index.php\/wp-json\/wp\/v2\/pages"}],"about":[{"href":"https:\/\/www.eba.ufmg.br\/index.php\/wp-json\/wp\/v2\/types\/page"}],"author":[{"embeddable":true,"href":"https:\/\/www.eba.ufmg.br\/index.php\/wp-json\/wp\/v2\/users\/1"}],"replies":[{"embeddable":true,"href":"https:\/\/www.eba.ufmg.br\/index.php\/wp-json\/wp\/v2\/comments?post=2153"}],"version-history":[{"count":2,"href":"https:\/\/www.eba.ufmg.br\/index.php\/wp-json\/wp\/v2\/pages\/2153\/revisions"}],"predecessor-version":[{"id":7622,"href":"https:\/\/www.eba.ufmg.br\/index.php\/wp-json\/wp\/v2\/pages\/2153\/revisions\/7622"}],"wp:attachment":[{"href":"https:\/\/www.eba.ufmg.br\/index.php\/wp-json\/wp\/v2\/media?parent=2153"}],"curies":[{"name":"wp","href":"https:\/\/api.w.org\/{rel}","templated":true}]}}