{"id":190,"date":"2017-03-27T08:46:41","date_gmt":"2017-03-27T11:46:41","guid":{"rendered":"http:\/\/eba.ufmg.br\/nossa-escola\/?page_id=190"},"modified":"2026-02-02T09:18:23","modified_gmt":"2026-02-02T12:18:23","slug":"secao-de-ensino","status":"publish","type":"page","link":"https:\/\/www.eba.ufmg.br\/index.php\/secao-de-ensino\/","title":{"rendered":"Se\u00e7\u00e3o de Ensino"},"content":{"rendered":"<p>Respons\u00e1vel: Elvio Batista<br \/>\nemail: sensino@eba.ufmg.br<br \/>\ntel (31) 34095269<\/p>\n","protected":false},"excerpt":{"rendered":"<p>Respons\u00e1vel: Elvio Batista email: sensino@eba.ufmg.br tel (31) 34095269<\/p>\n","protected":false},"author":1,"featured_media":0,"parent":0,"menu_order":0,"comment_status":"closed","ping_status":"closed","template":"","meta":{"_eb_attr":"","footnotes":""},"class_list":["post-190","page","type-page","status-publish","hentry"],"_links":{"self":[{"href":"https:\/\/www.eba.ufmg.br\/index.php\/wp-json\/wp\/v2\/pages\/190","targetHints":{"allow":["GET"]}}],"collection":[{"href":"https:\/\/www.eba.ufmg.br\/index.php\/wp-json\/wp\/v2\/pages"}],"about":[{"href":"https:\/\/www.eba.ufmg.br\/index.php\/wp-json\/wp\/v2\/types\/page"}],"author":[{"embeddable":true,"href":"https:\/\/www.eba.ufmg.br\/index.php\/wp-json\/wp\/v2\/users\/1"}],"replies":[{"embeddable":true,"href":"https:\/\/www.eba.ufmg.br\/index.php\/wp-json\/wp\/v2\/comments?post=190"}],"version-history":[{"count":3,"href":"https:\/\/www.eba.ufmg.br\/index.php\/wp-json\/wp\/v2\/pages\/190\/revisions"}],"predecessor-version":[{"id":9440,"href":"https:\/\/www.eba.ufmg.br\/index.php\/wp-json\/wp\/v2\/pages\/190\/revisions\/9440"}],"wp:attachment":[{"href":"https:\/\/www.eba.ufmg.br\/index.php\/wp-json\/wp\/v2\/media?parent=190"}],"curies":[{"name":"wp","href":"https:\/\/api.w.org\/{rel}","templated":true}]}}