{"id":1520,"date":"2017-04-20T16:10:23","date_gmt":"2017-04-20T19:10:23","guid":{"rendered":"http:\/\/eba.ufmg.br\/nossa-escola\/?page_id=1520"},"modified":"2022-06-28T13:07:51","modified_gmt":"2022-06-28T16:07:51","slug":"sobre-o-curso-de-graduacao-em-danca","status":"publish","type":"page","link":"https:\/\/www.eba.ufmg.br\/index.php\/sobre-o-curso-de-graduacao-em-danca\/","title":{"rendered":"Sobre o Curso de Gradua\u00e7\u00e3o em Dan\u00e7a"},"content":{"rendered":"<p>Colegiado do Curso de Gradua\u00e7\u00e3o em Dan\u00e7a &#8211; 2022-2024<\/p>\n<p>Coordenadora: Profa. Carla Andrea Silva Lima<\/p>\n<p>Subcoordenadora: Profa. Anamaria Fernandes Viana<\/p>\n","protected":false},"excerpt":{"rendered":"<p>Colegiado do Curso de Gradua\u00e7\u00e3o em Dan\u00e7a &#8211; 2022-2024 Coordenadora: Profa. Carla Andrea Silva Lima Subcoordenadora: Profa. Anamaria Fernandes Viana<\/p>\n","protected":false},"author":1,"featured_media":0,"parent":0,"menu_order":0,"comment_status":"closed","ping_status":"closed","template":"","meta":{"_eb_attr":"","footnotes":""},"class_list":["post-1520","page","type-page","status-publish","hentry"],"_links":{"self":[{"href":"https:\/\/www.eba.ufmg.br\/index.php\/wp-json\/wp\/v2\/pages\/1520","targetHints":{"allow":["GET"]}}],"collection":[{"href":"https:\/\/www.eba.ufmg.br\/index.php\/wp-json\/wp\/v2\/pages"}],"about":[{"href":"https:\/\/www.eba.ufmg.br\/index.php\/wp-json\/wp\/v2\/types\/page"}],"author":[{"embeddable":true,"href":"https:\/\/www.eba.ufmg.br\/index.php\/wp-json\/wp\/v2\/users\/1"}],"replies":[{"embeddable":true,"href":"https:\/\/www.eba.ufmg.br\/index.php\/wp-json\/wp\/v2\/comments?post=1520"}],"version-history":[{"count":4,"href":"https:\/\/www.eba.ufmg.br\/index.php\/wp-json\/wp\/v2\/pages\/1520\/revisions"}],"predecessor-version":[{"id":4770,"href":"https:\/\/www.eba.ufmg.br\/index.php\/wp-json\/wp\/v2\/pages\/1520\/revisions\/4770"}],"wp:attachment":[{"href":"https:\/\/www.eba.ufmg.br\/index.php\/wp-json\/wp\/v2\/media?parent=1520"}],"curies":[{"name":"wp","href":"https:\/\/api.w.org\/{rel}","templated":true}]}}