{"id":1050,"date":"2017-04-11T14:24:03","date_gmt":"2017-04-11T17:24:03","guid":{"rendered":"http:\/\/eba.ufmg.br\/nossa-escola\/?page_id=1050"},"modified":"2017-04-11T14:50:51","modified_gmt":"2017-04-11T17:50:51","slug":"video-guia-para-plano-de-estudos","status":"publish","type":"page","link":"https:\/\/www.eba.ufmg.br\/index.php\/video-guia-para-plano-de-estudos\/","title":{"rendered":"V\u00eddeo-guia para Plano de Estudos"},"content":{"rendered":"<p>V\u00eddeo que trata da utiliza\u00e7\u00e3o do sistema UFMG para preenchimento do <span style=\"color: #0000ff;\"><strong>Plano de Estudos<\/strong><\/span> pelo aluno.<\/p>\n<p><iframe loading=\"lazy\" width=\"720\" height=\"405\" src=\"https:\/\/www.youtube.com\/embed\/nikyQIwIyTI?feature=oembed\" frameborder=\"0\" allowfullscreen><\/iframe><\/p>\n","protected":false},"excerpt":{"rendered":"<p>V\u00eddeo que trata da utiliza\u00e7\u00e3o do sistema UFMG para preenchimento do Plano de Estudos pelo aluno.<\/p>\n","protected":false},"author":1,"featured_media":0,"parent":0,"menu_order":0,"comment_status":"closed","ping_status":"closed","template":"","meta":{"_eb_attr":"","footnotes":""},"class_list":["post-1050","page","type-page","status-publish","hentry"],"_links":{"self":[{"href":"https:\/\/www.eba.ufmg.br\/index.php\/wp-json\/wp\/v2\/pages\/1050","targetHints":{"allow":["GET"]}}],"collection":[{"href":"https:\/\/www.eba.ufmg.br\/index.php\/wp-json\/wp\/v2\/pages"}],"about":[{"href":"https:\/\/www.eba.ufmg.br\/index.php\/wp-json\/wp\/v2\/types\/page"}],"author":[{"embeddable":true,"href":"https:\/\/www.eba.ufmg.br\/index.php\/wp-json\/wp\/v2\/users\/1"}],"replies":[{"embeddable":true,"href":"https:\/\/www.eba.ufmg.br\/index.php\/wp-json\/wp\/v2\/comments?post=1050"}],"version-history":[{"count":2,"href":"https:\/\/www.eba.ufmg.br\/index.php\/wp-json\/wp\/v2\/pages\/1050\/revisions"}],"predecessor-version":[{"id":1053,"href":"https:\/\/www.eba.ufmg.br\/index.php\/wp-json\/wp\/v2\/pages\/1050\/revisions\/1053"}],"wp:attachment":[{"href":"https:\/\/www.eba.ufmg.br\/index.php\/wp-json\/wp\/v2\/media?parent=1050"}],"curies":[{"name":"wp","href":"https:\/\/api.w.org\/{rel}","templated":true}]}}