{"id":105,"date":"2017-03-27T08:19:46","date_gmt":"2017-03-27T11:19:46","guid":{"rendered":"http:\/\/eba.ufmg.br\/nossa-escola\/?page_id=105"},"modified":"2024-12-16T12:49:31","modified_gmt":"2024-12-16T15:49:31","slug":"grupos-de-pesquisa","status":"publish","type":"page","link":"https:\/\/www.eba.ufmg.br\/index.php\/grupos-de-pesquisa\/","title":{"rendered":"Grupos de Pesquisa"},"content":{"rendered":"<p><a href=\"https:\/\/www.eba.ufmg.br\/index.php\/analise-critica-de-filmes\/\">An\u00e1lise Cr\u00edtica de Filmes<\/a><\/p>\n<p><a href=\"http:\/\/eba.ufmg.br\/\/index.php\/arte-contemporanea-preservacao-e-exibicao\/\" target=\"_blank\" rel=\"noopener noreferrer\">Arte Contempor\u00e2nea: Preserva\u00e7\u00e3o e Exibi\u00e7\u00e3o<\/a><\/p>\n<p><a href=\"http:\/\/www.arteemconexao.com.br\"><u>Arte em Conex\u00e3o<\/u><\/a><\/p>\n<p><a href=\"https:\/\/bureauestudosimagemtempo.wordpress.com\/\">Bureau de estudos sobre a imagem e o tempo<\/a><\/p>\n<p><a href=\"https:\/\/www.eba.ufmg.br\/index.php\/caligrafias-e-escrituras\/\">Caligrafias e Escrituras<\/a><\/p>\n<p><a href=\"https:\/\/www.eba.ufmg.br\/index.php\/casa-aberta-mesa-posta-arte-infancias-e-narrativas-de-si\/\">Casa Aberta Mesa Posta: Arte, Inf\u00e2ncias e Narrativas de Si<\/a><\/p>\n<p><a href=\"https:\/\/www.eba.ufmg.br\/artesvisuais\/index.php\/grupos-e-projetos\/pesquisa\/\">Cultura do Barro<\/a><\/p>\n<p><a href=\"https:\/\/www.diagramagrupodepesquisa.com\/\">Diagrama<\/a><\/p>\n<p><a href=\"https:\/\/www.eba.ufmg.br\/index.php\/elementos-materiais-da-cultura-e-patrimonio\/\"><u>Elementos Materiais da Cultura e Patrim\u00f4nio<\/u><\/a><\/p>\n<p><a href=\"https:\/\/eba.ufmg.br\/napq\/index.php\/2023\/05\/16\/ensino-de-arte-e-tecnologias-contemporaneas\/\" target=\"_blank\" rel=\"noreferrer noopener\">Ensino de Arte e Tecnologias Contempor\u00e2neas<\/a><\/p>\n<p class=\"entry-title\"><a href=\"https:\/\/experienciasdescoloniais.wordpress.com\/?fbclid=PAAaa0ZKxEbLo9oRpyms7_riQtmXTVQ0ldgjQ2WFOA1ymH_8qxaig8F_FAUJ8\" target=\"_blank\" rel=\"noopener noreferrer\">Experi\u00eancias Descoloniais: estudos e pr\u00e1ticas<\/a><\/p>\n<p><a href=\"https:\/\/grupofios.blogspot.com\/\" target=\"_blank\" rel=\"noreferrer noopener\" data-type=\"URL\" data-id=\"https:\/\/grupofios.blogspot.com\/\">Fios | processos e experi\u00eancias criativas<\/a><\/p>\n<p><a href=\"https:\/\/www.eba.ufmg.br\/index.php\/grassar-acoes-continuadas-em-artes\/\">Grassar: a\u00e7\u00f5es continuadas em artes <\/a><\/p>\n<p><a href=\"http:\/\/eba.ufmg.br\/\/index.php\/grupo-imagem-e-preservacao\/\" target=\"_blank\" rel=\"noopener noreferrer\">Imagem e Preserva\u00e7\u00e3o<\/a><\/p>\n<p><a href=\"https:\/\/leveufmg.wixsite.com\/leveufmg\" target=\"_blank\" rel=\"noreferrer noopener\" data-type=\"URL\" data-id=\"https:\/\/leveufmg.wixsite.com\/leveufmg\">Laborat\u00f3rio de estudos e viv\u00eancias da espacialidade<\/a><\/p>\n<p><a href=\"https:\/\/www.eba.ufmg.br\/index.php\/laboratorio-de-pesquisa-em-atuacao-cenica-lapa-ufmg-cnpq\/\">Laborat\u00f3rio de pesquisa em atua\u00e7\u00e3o c\u00eanica-LAPA-UFMG\/CNPq<\/a><\/p>\n<p><a href=\"https:\/\/www.eba.ufmg.br\/index.php\/laboratorio-midiarte-da-eba-ufmg\/\">Laborat\u00f3rio MIDIA@RTE da EBA\/UFMG<\/a><\/p>\n<p><u><a href=\"https:\/\/www.eba.ufmg.br\/index.php\/liberavox-grupo-de-pesquisa-sobre-a-vocalidade-e-a-musicalidade-da-polifonia\/\">LiberaVox &#8211; Grupo de Pesquisa sobre a Vocalidade e a Musicalidade da Polifonia<\/a> <\/u><u><\/u><\/p>\n<p><a href=\"https:\/\/www.eba.ufmg.br\/index.php\/nucleo-imagens-de-minas\/\">N\u00facleo Imagens de Minas<\/a><\/p>\n<p><a href=\"http:\/\/eba.ufmg.br\/\/index.php\/nucleo-transdiciplinar-de-pesquisa-em-artes-cenicas-nace\/\" target=\"_blank\" rel=\"noopener noreferrer\">N\u00facleo Transdiciplinar de Pesquisa em Artes C\u00eanicas \u2013 NACE<\/a><\/p>\n<p><a href=\"https:\/\/eba.ufmg.br\/pinturama\/\" target=\"_blank\" rel=\"noopener noreferrer\">Pinturama<\/a><\/p>\n<p>&nbsp;<\/p>\n<h1 class=\"entry-title\"><\/h1>\n","protected":false},"excerpt":{"rendered":"<p>An\u00e1lise Cr\u00edtica de Filmes Arte Contempor\u00e2nea: Preserva\u00e7\u00e3o e Exibi\u00e7\u00e3o Arte em Conex\u00e3o Bureau de estudos sobre a imagem e o tempo Caligrafias e Escrituras Casa Aberta Mesa Posta: Arte, Inf\u00e2ncias e Narrativas de Si Cultura do Barro Diagrama Elementos Materiais<\/p>\n","protected":false},"author":1,"featured_media":0,"parent":0,"menu_order":0,"comment_status":"closed","ping_status":"closed","template":"","meta":{"_eb_attr":"","footnotes":""},"class_list":["post-105","page","type-page","status-publish","hentry"],"_links":{"self":[{"href":"https:\/\/www.eba.ufmg.br\/index.php\/wp-json\/wp\/v2\/pages\/105","targetHints":{"allow":["GET"]}}],"collection":[{"href":"https:\/\/www.eba.ufmg.br\/index.php\/wp-json\/wp\/v2\/pages"}],"about":[{"href":"https:\/\/www.eba.ufmg.br\/index.php\/wp-json\/wp\/v2\/types\/page"}],"author":[{"embeddable":true,"href":"https:\/\/www.eba.ufmg.br\/index.php\/wp-json\/wp\/v2\/users\/1"}],"replies":[{"embeddable":true,"href":"https:\/\/www.eba.ufmg.br\/index.php\/wp-json\/wp\/v2\/comments?post=105"}],"version-history":[{"count":21,"href":"https:\/\/www.eba.ufmg.br\/index.php\/wp-json\/wp\/v2\/pages\/105\/revisions"}],"predecessor-version":[{"id":7626,"href":"https:\/\/www.eba.ufmg.br\/index.php\/wp-json\/wp\/v2\/pages\/105\/revisions\/7626"}],"wp:attachment":[{"href":"https:\/\/www.eba.ufmg.br\/index.php\/wp-json\/wp\/v2\/media?parent=105"}],"curies":[{"name":"wp","href":"https:\/\/api.w.org\/{rel}","templated":true}]}}