{"id":1004,"date":"2017-04-11T08:54:33","date_gmt":"2017-04-11T11:54:33","guid":{"rendered":"http:\/\/eba.ufmg.br\/nossa-escola\/?page_id=1004"},"modified":"2017-04-11T12:41:54","modified_gmt":"2017-04-11T15:41:54","slug":"assessoria-de-imprensa","status":"publish","type":"page","link":"https:\/\/www.eba.ufmg.br\/index.php\/assessoria-de-imprensa\/","title":{"rendered":"Assessoria de Imprensa"},"content":{"rendered":"<p style=\"text-align: justify;\">O trabalho\u00a0de <span style=\"color: #0000ff;\"><strong>Assessoria de Imprensa<\/strong><\/span> consiste em gerenciar o contato da Escola de Belas Artes\u00a0da UFMG com a imprensa. Isso se concretiza pelo atendimento \u00e0s solicita\u00e7\u00f5es e demandas de diversos ve\u00edculos de comunica\u00e7\u00e3o, e pelo envio de conte\u00fado, no formato de releases, com sugest\u00f5es de pautas para os jornalistas. A Assessoria de Imprensa \u00e9 uma das principais atividades da Assessoria de Comunica\u00e7\u00e3o da Escola e o atendimento destas demandas tem prioridade, j\u00e1 que este \u00e9 um importante canal de comunica\u00e7\u00e3o entre a comunidade acad\u00eamica e a sociedade.<\/p>\n<p style=\"text-align: justify;\">O atendimento \u00e0 Imprensa se d\u00e1 basicamente da seguinte maneira: o jornalista procura a Assessoria de Comunica\u00e7\u00e3o, que por sua vez, entra em contato com o professor mais adequado \u00e0quela demanda e em seguida retorna ao jornalista informando os dados de contato do professor. A Assessoria n\u00e3o passa os contatos dos especialistas sem antes consult\u00e1-los. Assim, mantem a privacidade do pesquisador e repassa ao jornalista uma fonte apropriada e dispon\u00edvel para atend\u00ea-lo. Tamb\u00e9m s\u00e3o fun\u00e7\u00f5es da Assessoria apoiar o entrevistado e o jornalista, ajudando a identificar espa\u00e7os para entrevistas, personagens, imagens e fornecer outras informa\u00e7\u00f5es que enrique\u00e7am a mat\u00e9ria produzida.<\/p>\n<p style=\"text-align: justify;\">Este atendimento pode ser solicitado pelo telefone (31) 3409-5281 ou pelo email comunica@eba.ufmg.br<\/p>\n<p style=\"text-align: justify;\"><strong>Jornalistas<\/strong><\/p>\n<p style=\"text-align: justify;\">Thiago Vetromille Ribeiro Gomes<\/p>\n","protected":false},"excerpt":{"rendered":"<p>O trabalho\u00a0de Assessoria de Imprensa consiste em gerenciar o contato da Escola de Belas Artes\u00a0da UFMG com a imprensa. Isso se concretiza pelo atendimento \u00e0s solicita\u00e7\u00f5es e demandas de diversos ve\u00edculos de comunica\u00e7\u00e3o, e pelo envio de conte\u00fado, no formato<\/p>\n","protected":false},"author":1,"featured_media":0,"parent":0,"menu_order":0,"comment_status":"closed","ping_status":"closed","template":"","meta":{"_eb_attr":"","footnotes":""},"class_list":["post-1004","page","type-page","status-publish","hentry"],"_links":{"self":[{"href":"https:\/\/www.eba.ufmg.br\/index.php\/wp-json\/wp\/v2\/pages\/1004","targetHints":{"allow":["GET"]}}],"collection":[{"href":"https:\/\/www.eba.ufmg.br\/index.php\/wp-json\/wp\/v2\/pages"}],"about":[{"href":"https:\/\/www.eba.ufmg.br\/index.php\/wp-json\/wp\/v2\/types\/page"}],"author":[{"embeddable":true,"href":"https:\/\/www.eba.ufmg.br\/index.php\/wp-json\/wp\/v2\/users\/1"}],"replies":[{"embeddable":true,"href":"https:\/\/www.eba.ufmg.br\/index.php\/wp-json\/wp\/v2\/comments?post=1004"}],"version-history":[{"count":7,"href":"https:\/\/www.eba.ufmg.br\/index.php\/wp-json\/wp\/v2\/pages\/1004\/revisions"}],"predecessor-version":[{"id":1036,"href":"https:\/\/www.eba.ufmg.br\/index.php\/wp-json\/wp\/v2\/pages\/1004\/revisions\/1036"}],"wp:attachment":[{"href":"https:\/\/www.eba.ufmg.br\/index.php\/wp-json\/wp\/v2\/media?parent=1004"}],"curies":[{"name":"wp","href":"https:\/\/api.w.org\/{rel}","templated":true}]}}